{"id":1290,"date":"2023-01-06T15:05:53","date_gmt":"2023-01-06T15:05:53","guid":{"rendered":"https:\/\/tafii.pl\/?page_id=1290"},"modified":"2024-01-06T22:51:10","modified_gmt":"2024-01-06T22:51:10","slug":"sternik-jachtowy","status":"publish","type":"page","link":"https:\/\/tafii.pl\/index.php\/sternik-jachtowy\/","title":{"rendered":"STERNIK JACHTOWY"},"content":{"rendered":"\t\t<div data-elementor-type=\"wp-page\" data-elementor-id=\"1290\" class=\"elementor elementor-1290\">\n\t\t\t\t<div class=\"elementor-element elementor-element-0e5e426 e-flex e-con-boxed e-con e-parent\" data-id=\"0e5e426\" data-element_type=\"container\" data-e-type=\"container\">\n\t\t\t\t\t<div class=\"e-con-inner\">\n\t\t\t\t<div class=\"elementor-element elementor-element-09330ce elementor-widget elementor-widget-heading\" data-id=\"09330ce\" data-element_type=\"widget\" data-e-type=\"widget\" data-widget_type=\"heading.default\">\n\t\t\t\t<div class=\"elementor-widget-container\">\n\t\t\t\t\t<h2 class=\"elementor-heading-title elementor-size-default\">STERNIK JACHTOWY <\/h2>\t\t\t\t<\/div>\n\t\t\t\t<\/div>\n\t\t\t\t\t<\/div>\n\t\t\t\t<\/div>\n\t\t<div class=\"elementor-element elementor-element-b5f8604 e-flex e-con-boxed e-con e-parent\" data-id=\"b5f8604\" data-element_type=\"container\" data-e-type=\"container\">\n\t\t\t\t\t<div class=\"e-con-inner\">\n\t\t\t\t<div class=\"elementor-element elementor-element-543dbaf elementor-widget elementor-widget-text-editor\" data-id=\"543dbaf\" data-element_type=\"widget\" data-e-type=\"widget\" data-widget_type=\"text-editor.default\">\n\t\t\t\t<div class=\"elementor-widget-container\">\n\t\t\t\t\t\t\t\t\t<p><strong style=\"font-size: 21px;\">KURS PRAKTYCZNY<\/strong><\/p>\t\t\t\t\t\t\t\t<\/div>\n\t\t\t\t<\/div>\n\t\t\t\t\t<\/div>\n\t\t\t\t<\/div>\n\t\t<div class=\"elementor-element elementor-element-9163fe5 e-flex e-con-boxed e-con e-parent\" data-id=\"9163fe5\" data-element_type=\"container\" data-e-type=\"container\">\n\t\t\t\t\t<div class=\"e-con-inner\">\n\t\t\t\t<div class=\"elementor-element elementor-element-14f800d elementor-widget elementor-widget-text-editor\" data-id=\"14f800d\" data-element_type=\"widget\" data-e-type=\"widget\" data-widget_type=\"text-editor.default\">\n\t\t\t\t<div class=\"elementor-widget-container\">\n\t\t\t\t\t\t\t\t\t<p><span style=\"color: #5a5d60; font-family: Lato, sans-serif; font-size: 14px; letter-spacing: -0.2px; text-align: justify;\">W czasie zaj\u0119\u0107 praktycznych uczymy podstawowe manewry wykonywane w portach oraz na akwenie \u017ceglarskim pod \u017caglami. Tak\u017ce przygotowujemy si\u0119 do manewr\u00f3w egzaminacyjnych. Nauczamy tak\u017ce jak prawid\u0142owo\u00a0<\/span><span style=\"color: #5a5d60; font-family: Lato, sans-serif; font-size: 14px; letter-spacing: -0.2px; text-align: justify; font-style: var(--total-body-style, normal); font-weight: var(--total-body-weight, 400); text-transform: var(--total-body-text-transform, none);\">i w kt\u00f3rym momencie <\/span><span style=\"color: #5a5d60; font-family: Lato, sans-serif; font-size: 14px; letter-spacing: -0.2px; text-align: justify; font-style: var(--total-body-style, normal); font-weight: var(--total-body-weight, 400); text-transform: var(--total-body-text-transform, none);\">stawia\u0107 \u017cagle, tak aby bezpiecznie kontynuowa\u0107 dalsz\u0105 \u017ceglug\u0119. B\u0119d\u0105c na wodzie przypominamy o panuj\u0105cych na jachcie zasadach, wracaj\u0105c na l\u0105d pokazujemy w jaki spos\u00f3b zachowywa\u0107 si\u0119 w porcie. W czasie kursu nie brakuje czasu na dodatkowe pytania.\u00a0<\/span><\/p>\t\t\t\t\t\t\t\t<\/div>\n\t\t\t\t<\/div>\n\t\t\t\t\t<\/div>\n\t\t\t\t<\/div>\n\t\t<div class=\"elementor-element elementor-element-8f2d183 e-flex e-con-boxed e-con e-parent\" data-id=\"8f2d183\" data-element_type=\"container\" data-e-type=\"container\">\n\t\t\t\t\t<div class=\"e-con-inner\">\n\t\t\t\t<div class=\"elementor-element elementor-element-6499e10 elementor-widget elementor-widget-text-editor\" data-id=\"6499e10\" data-element_type=\"widget\" data-e-type=\"widget\" data-widget_type=\"text-editor.default\">\n\t\t\t\t<div class=\"elementor-widget-container\">\n\t\t\t\t\t\t\t\t\t<p><strong style=\"font-size: 21px;\">KURS TEORETYCZNY\u00a0<\/strong><\/p>\t\t\t\t\t\t\t\t<\/div>\n\t\t\t\t<\/div>\n\t\t\t\t<div class=\"elementor-element elementor-element-eec564c elementor-widget elementor-widget-text-editor\" data-id=\"eec564c\" data-element_type=\"widget\" data-e-type=\"widget\" data-widget_type=\"text-editor.default\">\n\t\t\t\t<div class=\"elementor-widget-container\">\n\t\t\t\t\t\t\t\t\t<p style=\"box-sizing: inherit; margin-bottom: 1.78571em; text-align: justify; word-break: normal; color: #5a5d60; font-family: Lato, sans-serif; font-size: 14px;\">Teori\u0119 prowadzi wykfalifikowana kadra \u017ceglarska w sali wyk\u0142adowej, z wykorzystaniem prezentacji multimedialnych.\u00a0 Skupimy si\u0119 na podstawowych zagadnieniach maj\u0105cych na celu zwi\u0119kszy\u0107 bezpiecze\u0144stwo w czasie p\u0142ywania. Nie zapominaj\u0105c o zagadnieniach potrzebnych do przyst\u0105pienia przed egzaminem. Przed przyst\u0105pieniem do szkolenia oraz egzaminu prosimy zapozna\u0107 si\u0119 z podes\u0142anymi do Pa\u0144stwa zagadnieniami.<\/p>\t\t\t\t\t\t\t\t<\/div>\n\t\t\t\t<\/div>\n\t\t\t\t\t<\/div>\n\t\t\t\t<\/div>\n\t\t<div class=\"elementor-element elementor-element-ad37bf7 e-flex e-con-boxed e-con e-parent\" data-id=\"ad37bf7\" data-element_type=\"container\" data-e-type=\"container\">\n\t\t\t\t\t<div class=\"e-con-inner\">\n\t\t\t\t<div class=\"elementor-element elementor-element-6685cc8 elementor-widget elementor-widget-text-editor\" data-id=\"6685cc8\" data-element_type=\"widget\" data-e-type=\"widget\" data-widget_type=\"text-editor.default\">\n\t\t\t\t<div class=\"elementor-widget-container\">\n\t\t\t\t\t\t\t\t\t<p><strong style=\"font-size: 21px;\">TERMINY\u00a0<\/strong><\/p>\t\t\t\t\t\t\t\t<\/div>\n\t\t\t\t<\/div>\n\t\t\t\t\t<\/div>\n\t\t\t\t<\/div>\n\t\t<div class=\"elementor-element elementor-element-e63f836 e-flex e-con-boxed e-con e-parent\" data-id=\"e63f836\" data-element_type=\"container\" data-e-type=\"container\">\n\t\t\t\t\t<div class=\"e-con-inner\">\n\t\t\t\t<div class=\"elementor-element elementor-element-85c38aa elementor-widget elementor-widget-text-editor\" data-id=\"85c38aa\" data-element_type=\"widget\" data-e-type=\"widget\" data-widget_type=\"text-editor.default\">\n\t\t\t\t<div class=\"elementor-widget-container\">\n\t\t\t\t\t\t\t\t\t<p style=\"box-sizing: inherit; margin-bottom: 1.78571em; text-align: justify; word-break: normal; color: #5a5d60; font-family: Lato, sans-serif; font-size: 14px;\">Szkolenia 2 weekendowe odbywaj\u0105 o godzinie 9:00 we wskazanym w mailu miejscu. Zaj\u0119cia teoretyczne trwaj\u0105 od 2 do 3 godzin, zaj\u0119cia praktyczne na wodzie od 2 do 3 godzin. Szkolenie jest ko\u0144czone egzaminem pa\u0144stwowym ostatniego dnia kursu. Koniec kursu oraz egzaminu ko\u0142o 18:30 danego dnia.&nbsp;<\/p>\n<p style=\"box-sizing: inherit; margin-bottom: 1.78571em; text-align: justify; word-break: normal; color: #5a5d60; font-family: Lato, sans-serif; font-size: 14px;\">Szkolenia tygodniowe zaczynamy w poniedzia\u0142ek o podanej w mailu godzinie i miejscu. Podczas zaj\u0119\u0107 grup\u0119 dzielimy na dwie cz\u0119\u015bci. Pierwsza grupa uczestniczy w teorii, a druga w tym czasie poznaje budow\u0119 jachtu oraz uczy si\u0119 prowadzenia jachtu w porcie i pod \u017caglami. Po wykonanym kursie nast\u0119puje zamiana grup. Zaj\u0119cia teoretyczne i praktyczne trwaj\u0105 od 2 do 3 godzin. W czasie zaj\u0119\u0107 jest mo\u017cliwo\u015b\u0107 zam\u00f3wienia sobie jedzenia w barze na przystani. Zaj\u0119cia ko\u0144czymy ko\u0142o godziny 16.&nbsp;<span style=\"font-style: var(--total-body-style, normal); font-weight: var(--total-body-weight, 400); letter-spacing: var(--total-body-letter-spacing, 0); text-transform: var(--total-body-text-transform, none);\">Szkolenie jest ko\u0144czone egzaminem pa\u0144stwowym ostatniego dnia kursu.<\/span><\/p>\n<p style=\"box-sizing: inherit; margin-bottom: 1.78571em; text-align: justify; word-break: normal; color: #5a5d60; font-family: Lato, sans-serif; font-size: 14px;\">Dla grup zorganizowanych minimum 8 os\u00f3b istnienie ustalenie oddzielnego terminu kursu oraz egzaminu.&nbsp;<\/p>\n<p style=\"box-sizing: inherit; margin-bottom: 1.78571em; text-align: justify; word-break: normal; color: #5a5d60; font-family: Lato, sans-serif; font-size: 14px;\">\u017beby uczestniczy\u0107 w kursie prosz\u0119 zarejestrowa\u0107 si\u0119 przez nasz\u0105 rejestracj\u0119 na stronie.<span style=\"color: var(--total-content-text-color); font-family: var(--total-body-family, 'Pontano Sans', sans-serif); font-size: var(--total-body-size, 17px); font-style: var(--total-body-style, normal); font-weight: var(--total-body-weight, 400); letter-spacing: var(--total-body-letter-spacing, 0); text-transform: var(--total-body-text-transform, none);\">&nbsp;<\/span><\/p>\t\t\t\t\t\t\t\t<\/div>\n\t\t\t\t<\/div>\n\t\t\t\t<div class=\"elementor-element elementor-element-f514607 elementor-align-center elementor-widget elementor-widget-button\" data-id=\"f514607\" data-element_type=\"widget\" data-e-type=\"widget\" data-widget_type=\"button.default\">\n\t\t\t\t<div class=\"elementor-widget-container\">\n\t\t\t\t\t\t\t\t\t<div class=\"elementor-button-wrapper\">\n\t\t\t\t\t<a class=\"elementor-button elementor-button-link elementor-size-sm\" href=\"https:\/\/tafii.pl\/index.php\/zapisy-na-kurs\/\">\n\t\t\t\t\t\t<span class=\"elementor-button-content-wrapper\">\n\t\t\t\t\t\t\t\t\t<span class=\"elementor-button-text\">REJESTRCJA<\/span>\n\t\t\t\t\t<\/span>\n\t\t\t\t\t<\/a>\n\t\t\t\t<\/div>\n\t\t\t\t\t\t\t\t<\/div>\n\t\t\t\t<\/div>\n\t\t\t\t\t<\/div>\n\t\t\t\t<\/div>\n\t\t<div class=\"elementor-element elementor-element-dac44d0 e-flex e-con-boxed e-con e-parent\" data-id=\"dac44d0\" data-element_type=\"container\" data-e-type=\"container\">\n\t\t\t\t\t<div class=\"e-con-inner\">\n\t\t\t\t<div class=\"elementor-element elementor-element-0c972c8 elementor-widget elementor-widget-text-editor\" data-id=\"0c972c8\" data-element_type=\"widget\" data-e-type=\"widget\" data-widget_type=\"text-editor.default\">\n\t\t\t\t<div class=\"elementor-widget-container\">\n\t\t\t\t\t\t\t\t\t<h2 class=\"elementor-heading-title elementor-size-default elementor-inline-editing pen\" style=\"font-family: var(--total-h-family, Oswald); letter-spacing: normal; font-weight: var(--total-h-weight, 400); font-style: normal; text-decoration-thickness: initial; text-decoration-style: initial; text-decoration-color: initial; text-transform: none; font-size: calc(var(--total-h-size) * 7\/8);\" data-elementor-setting-key=\"title\" data-pen-placeholder=\"Pisz tutaj...\"><span style=\"color: #333333; font-family: Open Sans, serif;\"><span style=\"font-size: 21px; white-space: normal;\"><span style=\"font-weight: bold;\">CENNIK<\/span><\/span><\/span><\/h2>\t\t\t\t\t\t\t\t<\/div>\n\t\t\t\t<\/div>\n\t\t\t\t<div class=\"elementor-element elementor-element-0e2c2ee elementor-widget elementor-widget-text-editor\" data-id=\"0e2c2ee\" data-element_type=\"widget\" data-e-type=\"widget\" data-widget_type=\"text-editor.default\">\n\t\t\t\t<div class=\"elementor-widget-container\">\n\t\t\t\t\t\t\t\t\t<p><span style=\"color: #5a5d60; font-family: Lato, sans-serif; font-size: 14px; text-align: justify;\">\u2022 Cena 2 weekendowego kursu na patent sternika jachtowego wynosi 1300 PLN.&nbsp;<\/span><\/p>\n<p><span style=\"color: #5a5d60; font-family: Lato, sans-serif; font-size: 14px; text-align: justify;\">Dla cz\u0142onk\u00f3w Klubu KS TAFII Kolbudy rabat 50 PLN\/1250 PLN<\/span><\/p>\t\t\t\t\t\t\t\t<\/div>\n\t\t\t\t<\/div>\n\t\t\t\t\t<\/div>\n\t\t\t\t<\/div>\n\t\t<div class=\"elementor-element elementor-element-b9d3b55 e-flex e-con-boxed e-con e-parent\" data-id=\"b9d3b55\" data-element_type=\"container\" data-e-type=\"container\">\n\t\t\t\t\t<div class=\"e-con-inner\">\n\t\t\t\t<div class=\"elementor-element elementor-element-b1f5a71 elementor-widget elementor-widget-text-editor\" data-id=\"b1f5a71\" data-element_type=\"widget\" data-e-type=\"widget\" data-widget_type=\"text-editor.default\">\n\t\t\t\t<div class=\"elementor-widget-container\">\n\t\t\t\t\t\t\t\t\t<h2 style=\"font-family: var(--total-h-family, Oswald); letter-spacing: normal; line-height: var(--total-h-line-height, 1.3); font-weight: var(--total-h-weight, 400); font-style: normal; text-decoration-thickness: initial; text-decoration-style: initial; text-decoration-color: initial; text-transform: none; font-size: calc(var(--total-h-size) * 7\/8);\" data-elementor-setting-key=\"title\" data-pen-placeholder=\"Pisz tutaj...\"><span style=\"color: #333333; font-family: 'Open Sans', serif;\"><span style=\"font-size: 21px;\"><span style=\"font-weight: bold;\">UPRAWNIENIA\u00a0<\/span><\/span><\/span><\/h2>\t\t\t\t\t\t\t\t<\/div>\n\t\t\t\t<\/div>\n\t\t\t\t\t<\/div>\n\t\t\t\t<\/div>\n\t\t<div class=\"elementor-element elementor-element-1a215d0 e-flex e-con-boxed e-con e-parent\" data-id=\"1a215d0\" data-element_type=\"container\" data-e-type=\"container\">\n\t\t\t\t\t<div class=\"e-con-inner\">\n\t\t\t\t<div class=\"elementor-element elementor-element-707f328 elementor-widget elementor-widget-text-editor\" data-id=\"707f328\" data-element_type=\"widget\" data-e-type=\"widget\" data-widget_type=\"text-editor.default\">\n\t\t\t\t<div class=\"elementor-widget-container\">\n\t\t\t\t\t\t\t\t\t<p><span style=\"color: #5a5d60; font-family: Lato, sans-serif; font-size: 14px; text-align: justify;\">Aby przyst\u0105pi\u0107 do kursu trzeba mie\u0107 uko\u0144czone 14 lat&nbsp;<\/span><\/p>\n<p><span style=\"color: #5a5d60; font-family: Lato, sans-serif; font-size: 14px; text-align: justify;\">&nbsp;<\/span><span style=\"color: rgb(90, 93, 96); font-family: Lato, sans-serif; font-size: 14px; text-align: justify; font-style: var(--total-body-style, normal); font-weight: var(--total-body-weight, 400); letter-spacing: var(--total-body-letter-spacing, 0); text-transform: var(--total-body-text-transform, none);\">Uzyskane przez ciebie uprawnienia zezwalaj\u0105 Tobie na:<\/span><\/p>\n<ul>\n<li style=\"list-style-type: none;\">\n<ul>\n<li><span style=\"color: #5a5d60; font-family: Lato, sans-serif; font-size: 14px; text-align: justify;\">prowadzenie jacht\u00f3w \u017caglowych, kt\u00f3re mog\u0105 by\u0107 wyposa\u017cone w pomocniczy nap\u0119d mechaniczny, po wodach \u015br\u00f3dl\u0105dowych&nbsp;<\/span><\/li>\n<li><span style=\"color: #5a5d60; font-family: Lato, sans-serif; font-size: 14px; text-align: justify; font-style: var(--total-body-style, normal); font-weight: var(--total-body-weight, 400); letter-spacing: var(--total-body-letter-spacing, 0); text-transform: var(--total-body-text-transform, none);\">prowadzenie jacht\u00f3w \u017caglowych, kt\u00f3re mog\u0105 by\u0107 wyposa\u017cone w pomocniczy nap\u0119d mechaniczny, o d\u0142ugo\u015bci kad\u0142uba do 12 M po morskich wodach wewn\u0119trznych oraz pozosta\u0142ych wodach morskich w strefie do 2 mil morskich od brzegu, w porze dziennej.&nbsp;<\/span><\/li>\n<\/ul>\n<\/li>\n<\/ul>\n<p><span style=\"color: #5a5d60; font-family: Lato, sans-serif; font-size: 14px; text-align: justify;\">W cenie nie jest zawarta op\u0142ata egzaminu pa\u0144stwowego:<\/span><\/p>\n<ul>\n<li style=\"list-style-type: none;\">\n<ul>\n<li><span style=\"color: #5a5d60; font-family: Lato, sans-serif; font-size: 14px; text-align: justify;\">250 PLN op\u0142ata pe\u0142na&nbsp;<\/span><\/li>\n<li><span style=\"color: #5a5d60; font-family: Lato, sans-serif; font-size: 14px; text-align: justify;\">125 PLN dotyczy uczni\u00f3w i student\u00f3w do 26 lat z wa\u017cn\u0105 legitymacj\u0105&nbsp;<\/span><\/li>\n<li><span style=\"color: #5a5d60; font-family: Lato, sans-serif; font-size: 14px; text-align: justify;\">50 PLN\/ 25 PLN op\u0142ata za wydanie patentu (do uregulowania przelewem przy wyrabianiu patentu na stronie zwi\u0105zku PZMiNW po zdanym egzaminie)<\/span><\/li>\n<li><span style=\"color: #5a5d60; font-family: Lato, sans-serif; font-size: 14px; text-align: justify;\">50 PLN op\u0142ata za organizacj\u0119 egzaminu&nbsp;<\/span><\/li>\n<\/ul>\n<\/li>\n<\/ul>\t\t\t\t\t\t\t\t<\/div>\n\t\t\t\t<\/div>\n\t\t\t\t\t<\/div>\n\t\t\t\t<\/div>\n\t\t<div class=\"elementor-element elementor-element-0ca4565 e-flex e-con-boxed e-con e-parent\" data-id=\"0ca4565\" data-element_type=\"container\" data-e-type=\"container\">\n\t\t\t\t\t<div class=\"e-con-inner\">\n\t\t\t\t<div class=\"elementor-element elementor-element-aed7764 elementor-widget elementor-widget-text-editor\" data-id=\"aed7764\" data-element_type=\"widget\" data-e-type=\"widget\" data-widget_type=\"text-editor.default\">\n\t\t\t\t<div class=\"elementor-widget-container\">\n\t\t\t\t\t\t\t\t\t<h2 style=\"font-family: var(--total-h-family, Oswald); letter-spacing: normal; line-height: var(--total-h-line-height, 1.3); font-weight: var(--total-h-weight, 400); font-style: normal; text-decoration-thickness: initial; text-decoration-style: initial; text-decoration-color: initial; text-transform: none; font-size: calc(var(--total-h-size) * 7\/8);\" data-elementor-setting-key=\"title\" data-pen-placeholder=\"Pisz tutaj...\"><span style=\"color: #333333; font-family: 'Open Sans', serif;\"><span style=\"font-size: 21px;\"><span style=\"font-weight: bold;\">FORMALNO\u015aCI ZWI\u0104ZANE Z EGZAMINEM\u00a0\u00a0<\/span><\/span><\/span><\/h2>\t\t\t\t\t\t\t\t<\/div>\n\t\t\t\t<\/div>\n\t\t\t\t\t<\/div>\n\t\t\t\t<\/div>\n\t\t<div class=\"elementor-element elementor-element-c102322 e-flex e-con-boxed e-con e-parent\" data-id=\"c102322\" data-element_type=\"container\" data-e-type=\"container\">\n\t\t\t\t\t<div class=\"e-con-inner\">\n\t\t\t\t<div class=\"elementor-element elementor-element-f74a449 elementor-widget elementor-widget-text-editor\" data-id=\"f74a449\" data-element_type=\"widget\" data-e-type=\"widget\" data-widget_type=\"text-editor.default\">\n\t\t\t\t<div class=\"elementor-widget-container\">\n\t\t\t\t\t\t\t\t\t<p><span style=\"color: #5a5d60; font-family: Lato, sans-serif; font-size: 14px; text-align: justify;\">Z\u0142o\u017cenie wniosku o dopuszczenie do egzaminu oraz wniesienie op\u0142aty.\u00a0<\/span><\/p>\t\t\t\t\t\t\t\t<\/div>\n\t\t\t\t<\/div>\n\t\t\t\t\t<\/div>\n\t\t\t\t<\/div>\n\t\t<div class=\"elementor-element elementor-element-dd964ca e-flex e-con-boxed e-con e-parent\" data-id=\"dd964ca\" data-element_type=\"container\" data-e-type=\"container\">\n\t\t\t\t\t<div class=\"e-con-inner\">\n\t\t\t\t<div class=\"elementor-element elementor-element-bab1e23 elementor-widget elementor-widget-text-editor\" data-id=\"bab1e23\" data-element_type=\"widget\" data-e-type=\"widget\" data-widget_type=\"text-editor.default\">\n\t\t\t\t<div class=\"elementor-widget-container\">\n\t\t\t\t\t\t\t\t\t<h2 style=\"font-family: var(--total-h-family, Oswald); letter-spacing: normal; line-height: var(--total-h-line-height, 1.3); font-weight: var(--total-h-weight, 400); font-style: normal; text-decoration-thickness: initial; text-decoration-style: initial; text-decoration-color: initial; text-transform: none; font-size: calc(var(--total-h-size) * 7\/8);\" data-elementor-setting-key=\"title\" data-pen-placeholder=\"Pisz tutaj...\"><span style=\"color: #333333; font-family: 'Open Sans', serif;\"><span style=\"font-size: 21px;\"><span style=\"font-weight: bold;\">CO ZABRA\u0106 ZE SOB\u0104 NA KURS\u00a0\u00a0<\/span><\/span><\/span><\/h2>\t\t\t\t\t\t\t\t<\/div>\n\t\t\t\t<\/div>\n\t\t\t\t<div class=\"elementor-element elementor-element-b10bf9f elementor-widget elementor-widget-text-editor\" data-id=\"b10bf9f\" data-element_type=\"widget\" data-e-type=\"widget\" data-widget_type=\"text-editor.default\">\n\t\t\t\t<div class=\"elementor-widget-container\">\n\t\t\t\t\t\t\t\t\t<p><span style=\"color: #5a5d60; font-family: Lato, sans-serif; font-size: 14px; text-align: justify;\">Na kurs warto zabra\u0107 cieplejsze rzeczy. Jak wiemy na wodzie jest zawsze zimniej ni\u017c na l\u0105dzie. Przydadz\u0105 si\u0119 tak\u017ce okulary przeciws\u0142oneczne oraz obuwie na zmian\u0119. W miesi\u0105cach zimniejszych warto mie\u0107 r\u0119kawiczki. Na zaj\u0119cia teoretyczne polecamy zabra\u0107 ze sob\u0105 zeszyt i d\u0142ugopis aby zapisa\u0107 potrzebne informacje. Polecamy tak\u017ce aby ka\u017cdy uczestnik zabra\u0142 ze sob\u0105 co\u015b do zjedzenia w przerwie mi\u0119dzy teori\u0105 a praktyk\u0105.\u00a0<\/span><\/p>\t\t\t\t\t\t\t\t<\/div>\n\t\t\t\t<\/div>\n\t\t\t\t\t<\/div>\n\t\t\t\t<\/div>\n\t\t<div class=\"elementor-element elementor-element-ef9018b e-flex e-con-boxed e-con e-parent\" data-id=\"ef9018b\" data-element_type=\"container\" data-e-type=\"container\">\n\t\t\t\t\t<div class=\"e-con-inner\">\n\t\t<div class=\"elementor-element elementor-element-d48d237 e-con-full e-flex e-con e-child\" data-id=\"d48d237\" data-element_type=\"container\" data-e-type=\"container\">\n\t\t\t\t<div class=\"elementor-element elementor-element-d138178 elementor-widget elementor-widget-image\" data-id=\"d138178\" data-element_type=\"widget\" data-e-type=\"widget\" data-widget_type=\"image.default\">\n\t\t\t\t<div class=\"elementor-widget-container\">\n\t\t\t\t\t\t\t\t\t\t\t\t\t\t\t<img fetchpriority=\"high\" decoding=\"async\" width=\"640\" height=\"427\" src=\"https:\/\/tafii.pl\/wp-content\/uploads\/2023\/01\/IMG_4340-1024x683.jpg\" class=\"attachment-large size-large wp-image-1403\" alt=\"\" srcset=\"https:\/\/tafii.pl\/wp-content\/uploads\/2023\/01\/IMG_4340-1024x683.jpg 1024w, https:\/\/tafii.pl\/wp-content\/uploads\/2023\/01\/IMG_4340-300x200.jpg 300w, https:\/\/tafii.pl\/wp-content\/uploads\/2023\/01\/IMG_4340-768x512.jpg 768w, https:\/\/tafii.pl\/wp-content\/uploads\/2023\/01\/IMG_4340-1536x1024.jpg 1536w, https:\/\/tafii.pl\/wp-content\/uploads\/2023\/01\/IMG_4340-2048x1365.jpg 2048w, https:\/\/tafii.pl\/wp-content\/uploads\/2023\/01\/IMG_4340-1320x880.jpg 1320w, https:\/\/tafii.pl\/wp-content\/uploads\/2023\/01\/IMG_4340-600x400.jpg 600w\" sizes=\"(max-width: 640px) 100vw, 640px\" \/>\t\t\t\t\t\t\t\t\t\t\t\t\t\t\t<\/div>\n\t\t\t\t<\/div>\n\t\t\t\t<\/div>\n\t\t<div class=\"elementor-element elementor-element-182f1a4 e-con-full e-flex e-con e-child\" data-id=\"182f1a4\" data-element_type=\"container\" data-e-type=\"container\">\n\t\t\t\t<div class=\"elementor-element elementor-element-fad5d66 elementor-widget elementor-widget-image\" data-id=\"fad5d66\" data-element_type=\"widget\" data-e-type=\"widget\" data-widget_type=\"image.default\">\n\t\t\t\t<div class=\"elementor-widget-container\">\n\t\t\t\t\t\t\t\t\t\t\t\t\t\t\t<img decoding=\"async\" width=\"640\" height=\"427\" src=\"https:\/\/tafii.pl\/wp-content\/uploads\/2023\/01\/IMG_4352-1-1024x683.jpg\" class=\"attachment-large size-large wp-image-1405\" alt=\"\" srcset=\"https:\/\/tafii.pl\/wp-content\/uploads\/2023\/01\/IMG_4352-1-1024x683.jpg 1024w, https:\/\/tafii.pl\/wp-content\/uploads\/2023\/01\/IMG_4352-1-300x200.jpg 300w, https:\/\/tafii.pl\/wp-content\/uploads\/2023\/01\/IMG_4352-1-768x512.jpg 768w, https:\/\/tafii.pl\/wp-content\/uploads\/2023\/01\/IMG_4352-1-1536x1024.jpg 1536w, https:\/\/tafii.pl\/wp-content\/uploads\/2023\/01\/IMG_4352-1-2048x1365.jpg 2048w, https:\/\/tafii.pl\/wp-content\/uploads\/2023\/01\/IMG_4352-1-1320x880.jpg 1320w, https:\/\/tafii.pl\/wp-content\/uploads\/2023\/01\/IMG_4352-1-600x400.jpg 600w\" sizes=\"(max-width: 640px) 100vw, 640px\" \/>\t\t\t\t\t\t\t\t\t\t\t\t\t\t\t<\/div>\n\t\t\t\t<\/div>\n\t\t\t\t<\/div>\n\t\t\t\t\t<\/div>\n\t\t\t\t<\/div>\n\t\t\t\t<\/div>\n\t\t","protected":false},"excerpt":{"rendered":"<p>STERNIK JACHTOWY KURS PRAKTYCZNY W czasie zaj\u0119\u0107 praktycznych uczymy podstawowe manewry wykonywane w portach oraz na akwenie \u017ceglarskim pod \u017caglami. Tak\u017ce przygotowujemy si\u0119 do manewr\u00f3w egzaminacyjnych. Nauczamy tak\u017ce jak prawid\u0142owo\u00a0i w kt\u00f3rym momencie stawia\u0107 \u017cagle, tak aby bezpiecznie kontynuowa\u0107 dalsz\u0105 \u017ceglug\u0119. B\u0119d\u0105c na wodzie przypominamy o panuj\u0105cych na jachcie zasadach, wracaj\u0105c na l\u0105d pokazujemy w [&hellip;]<\/p>\n","protected":false},"author":3,"featured_media":0,"parent":0,"menu_order":0,"comment_status":"closed","ping_status":"closed","template":"","meta":{"footnotes":""},"class_list":["post-1290","page","type-page","status-publish","hentry"],"jetpack_sharing_enabled":true,"_links":{"self":[{"href":"https:\/\/tafii.pl\/index.php\/wp-json\/wp\/v2\/pages\/1290","targetHints":{"allow":["GET"]}}],"collection":[{"href":"https:\/\/tafii.pl\/index.php\/wp-json\/wp\/v2\/pages"}],"about":[{"href":"https:\/\/tafii.pl\/index.php\/wp-json\/wp\/v2\/types\/page"}],"author":[{"embeddable":true,"href":"https:\/\/tafii.pl\/index.php\/wp-json\/wp\/v2\/users\/3"}],"replies":[{"embeddable":true,"href":"https:\/\/tafii.pl\/index.php\/wp-json\/wp\/v2\/comments?post=1290"}],"version-history":[{"count":29,"href":"https:\/\/tafii.pl\/index.php\/wp-json\/wp\/v2\/pages\/1290\/revisions"}],"predecessor-version":[{"id":2120,"href":"https:\/\/tafii.pl\/index.php\/wp-json\/wp\/v2\/pages\/1290\/revisions\/2120"}],"wp:attachment":[{"href":"https:\/\/tafii.pl\/index.php\/wp-json\/wp\/v2\/media?parent=1290"}],"curies":[{"name":"wp","href":"https:\/\/api.w.org\/{rel}","templated":true}]}}