{"id":1295,"date":"2023-01-06T15:06:57","date_gmt":"2023-01-06T15:06:57","guid":{"rendered":"https:\/\/tafii.pl\/?page_id=1295"},"modified":"2024-01-06T22:49:48","modified_gmt":"2024-01-06T22:49:48","slug":"sternik-morski","status":"publish","type":"page","link":"https:\/\/tafii.pl\/index.php\/sternik-morski\/","title":{"rendered":"STERNIK MOTOROWODNY"},"content":{"rendered":"\t\t<div data-elementor-type=\"wp-page\" data-elementor-id=\"1295\" class=\"elementor elementor-1295\">\n\t\t\t\t<div class=\"elementor-element elementor-element-cbba02b e-flex e-con-boxed e-con e-parent\" data-id=\"cbba02b\" data-element_type=\"container\" data-e-type=\"container\">\n\t\t\t\t\t<div class=\"e-con-inner\">\n\t\t\t\t<div class=\"elementor-element elementor-element-8a6695e elementor-widget elementor-widget-heading\" data-id=\"8a6695e\" data-element_type=\"widget\" data-e-type=\"widget\" data-widget_type=\"heading.default\">\n\t\t\t\t<div class=\"elementor-widget-container\">\n\t\t\t\t\t<h2 class=\"elementor-heading-title elementor-size-default\"><h2 data-elementor-setting-key=\"title\" data-pen-placeholder=\"Pisz tutaj...\" style=\"font-family: var(--total-h-family, Oswald);letter-spacing: normal;font-weight: var(--total-h-weight, 400);font-style: normal;text-transform: none;font-size: calc(var(--total-h-size) * 7\/8)\">STERNIK MOTOROWODY<br><\/h2><\/h2>\t\t\t\t<\/div>\n\t\t\t\t<\/div>\n\t\t\t\t\t<\/div>\n\t\t\t\t<\/div>\n\t\t<div class=\"elementor-element elementor-element-e14015b e-flex e-con-boxed e-con e-parent\" data-id=\"e14015b\" data-element_type=\"container\" data-e-type=\"container\">\n\t\t\t\t\t<div class=\"e-con-inner\">\n\t\t\t\t<div class=\"elementor-element elementor-element-b81b5d7 elementor-widget elementor-widget-heading\" data-id=\"b81b5d7\" data-element_type=\"widget\" data-e-type=\"widget\" data-widget_type=\"heading.default\">\n\t\t\t\t<div class=\"elementor-widget-container\">\n\t\t\t\t\t<h2 class=\"elementor-heading-title elementor-size-default\"><strong style=\", serif;font-size: 21px;white-space: normal\">KURS PRAKTYCZNY&nbsp;&nbsp;<\/strong><\/h2>\t\t\t\t<\/div>\n\t\t\t\t<\/div>\n\t\t\t\t\t<\/div>\n\t\t\t\t<\/div>\n\t\t<div class=\"elementor-element elementor-element-b32f33d e-flex e-con-boxed e-con e-parent\" data-id=\"b32f33d\" data-element_type=\"container\" data-e-type=\"container\">\n\t\t\t\t\t<div class=\"e-con-inner\">\n\t\t\t\t<div class=\"elementor-element elementor-element-4d210ad elementor-widget elementor-widget-text-editor\" data-id=\"4d210ad\" data-element_type=\"widget\" data-e-type=\"widget\" data-widget_type=\"text-editor.default\">\n\t\t\t\t<div class=\"elementor-widget-container\">\n\t\t\t\t\t\t\t\t\t<p><span style=\"color: #5a5d60; font-family: Lato, sans-serif; font-size: 14px; letter-spacing: -0.2px; text-align: justify;\">Na zaj\u0119ciach praktycznych przypominamy podstawowe manewry wykonywane w portach\u00a0 oraz przygotowujemy si\u0119 do manewr\u00f3w egzaminacyjnych. Nauczamy tak\u017ce jak prawid\u0142owo wprowadzi\u0107 RIBA w \u015blizg, tak aby przyjemno\u015b\u0107 z p\u0142ywanie by\u0142a jak najwi\u0119ksza. W czasie kursu nie brakuje czasu na dodatkowe pytania.\u00a0<\/span><\/p>\t\t\t\t\t\t\t\t<\/div>\n\t\t\t\t<\/div>\n\t\t\t\t\t<\/div>\n\t\t\t\t<\/div>\n\t\t<div class=\"elementor-element elementor-element-5bdd0d0 e-flex e-con-boxed e-con e-parent\" data-id=\"5bdd0d0\" data-element_type=\"container\" data-e-type=\"container\">\n\t\t\t\t\t<div class=\"e-con-inner\">\n\t\t\t\t<div class=\"elementor-element elementor-element-a5f0b56 elementor-widget elementor-widget-heading\" data-id=\"a5f0b56\" data-element_type=\"widget\" data-e-type=\"widget\" data-widget_type=\"heading.default\">\n\t\t\t\t<div class=\"elementor-widget-container\">\n\t\t\t\t\t<h2 class=\"elementor-heading-title elementor-size-default\"><strong style=\", serif;white-space: normal;font-size: 21px\">KURS TEORETYCZNY&nbsp;<\/strong><\/h2>\t\t\t\t<\/div>\n\t\t\t\t<\/div>\n\t\t\t\t\t<\/div>\n\t\t\t\t<\/div>\n\t\t<div class=\"elementor-element elementor-element-9228fef e-flex e-con-boxed e-con e-parent\" data-id=\"9228fef\" data-element_type=\"container\" data-e-type=\"container\">\n\t\t\t\t\t<div class=\"e-con-inner\">\n\t\t\t\t<div class=\"elementor-element elementor-element-8014d3c elementor-widget elementor-widget-text-editor\" data-id=\"8014d3c\" data-element_type=\"widget\" data-e-type=\"widget\" data-widget_type=\"text-editor.default\">\n\t\t\t\t<div class=\"elementor-widget-container\">\n\t\t\t\t\t\t\t\t\t<p><span style=\"color: #5a5d60; font-family: Lato, sans-serif; font-size: 14px; text-align: justify;\">Teori\u0119 prowadzimy w sali wyk\u0142adowej, z wykorzystaniem prezentacji multimedialnych.\u00a0 Skupimy si\u0119 na podstawowych zagadnieniach maj\u0105cych na celu zwi\u0119kszy\u0107 bezpiecze\u0144stwo w czasie p\u0142ywania. Nie zapominaj\u0105c o zagadnieniach potrzebnych do przyst\u0105pienia przed egzaminem. Przed przyst\u0105pieniem do szkolenia oraz egzaminu prosimy zapozna\u0107 si\u0119 z podes\u0142anymi do Pa\u0144stwa zagadnieniami.\u00a0<\/span><span style=\"font-style: var(--total-body-style, normal); font-weight: var(--total-body-weight, 400); letter-spacing: var(--total-body-letter-spacing, 0); text-align: justify; text-transform: var(--total-body-text-transform, none); color: var(--total-content-text-color); font-family: var(--total-body-family, 'Pontano Sans', sans-serif); font-size: var(--total-body-size, 17px);\">\u00a0<\/span><\/p>\t\t\t\t\t\t\t\t<\/div>\n\t\t\t\t<\/div>\n\t\t\t\t\t<\/div>\n\t\t\t\t<\/div>\n\t\t<div class=\"elementor-element elementor-element-ec06df3 e-flex e-con-boxed e-con e-parent\" data-id=\"ec06df3\" data-element_type=\"container\" data-e-type=\"container\">\n\t\t\t\t\t<div class=\"e-con-inner\">\n\t\t\t\t<div class=\"elementor-element elementor-element-3023571 elementor-widget elementor-widget-heading\" data-id=\"3023571\" data-element_type=\"widget\" data-e-type=\"widget\" data-widget_type=\"heading.default\">\n\t\t\t\t<div class=\"elementor-widget-container\">\n\t\t\t\t\t<h2 class=\"elementor-heading-title elementor-size-default\"><strong style=\", serif;white-space: normal;font-size: 21px\">TERMINY&nbsp;<\/strong><\/h2>\t\t\t\t<\/div>\n\t\t\t\t<\/div>\n\t\t\t\t\t<\/div>\n\t\t\t\t<\/div>\n\t\t<div class=\"elementor-element elementor-element-df99337 e-flex e-con-boxed e-con e-parent\" data-id=\"df99337\" data-element_type=\"container\" data-e-type=\"container\">\n\t\t\t\t\t<div class=\"e-con-inner\">\n\t\t\t\t<div class=\"elementor-element elementor-element-1b3b2c8 elementor-widget elementor-widget-text-editor\" data-id=\"1b3b2c8\" data-element_type=\"widget\" data-e-type=\"widget\" data-widget_type=\"text-editor.default\">\n\t\t\t\t<div class=\"elementor-widget-container\">\n\t\t\t\t\t\t\t\t\t<p style=\"box-sizing: inherit; margin-bottom: 1.78571em; text-align: justify; word-break: normal; color: #5a5d60; font-family: Lato, sans-serif; font-size: 14px;\">Szkolenia odbywaj\u0105 si\u0119 zazwyczaj w niedziel\u0119 o godzinie 9:00 we wskazanym w mailu miejscu. Zaj\u0119cia teoretyczne trwaj\u0105 od 4 do 5 godzin, zaj\u0119cia praktyczne na wodzie od 2 do 3 godzin. Szkolenie jest ko\u0144czone egzaminem pa\u0144stwowym tego samego dnia. Koniec kursu oraz egzaminu ko\u0142o 16:30 danego dnia.\u00a0<\/p><p style=\"box-sizing: inherit; margin-bottom: 1.78571em; text-align: justify; word-break: normal; color: #5a5d60; font-family: Lato, sans-serif; font-size: 14px;\">Dla grup zorganizowanych minimum 8 os\u00f3b istnienie ustalenie oddzielnego terminu kursu oraz egzaminu.\u00a0<\/p><p style=\"box-sizing: inherit; margin-bottom: 1.78571em; text-align: justify; word-break: normal; color: #5a5d60; font-family: Lato, sans-serif; font-size: 14px;\">\u017beby uczestniczy\u0107 w kursie prosz\u0119 zarejestrowa\u0107 si\u0119 przez nasz\u0105 rejestracj\u0119 na stronie.<span style=\"color: var(--total-content-text-color); font-family: var(--total-body-family, 'Pontano Sans', sans-serif); font-size: var(--total-body-size, 17px); font-style: var(--total-body-style, normal); font-weight: var(--total-body-weight, 400); letter-spacing: var(--total-body-letter-spacing, 0); text-transform: var(--total-body-text-transform, none);\">\u00a0<\/span><\/p>\t\t\t\t\t\t\t\t<\/div>\n\t\t\t\t<\/div>\n\t\t\t\t\t<\/div>\n\t\t\t\t<\/div>\n\t\t<div class=\"elementor-element elementor-element-15b7874 e-flex e-con-boxed e-con e-parent\" data-id=\"15b7874\" data-element_type=\"container\" data-e-type=\"container\">\n\t\t\t\t\t<div class=\"e-con-inner\">\n\t\t\t\t<div class=\"elementor-element elementor-element-e59fc68 elementor-align-center elementor-widget elementor-widget-button\" data-id=\"e59fc68\" data-element_type=\"widget\" data-e-type=\"widget\" data-widget_type=\"button.default\">\n\t\t\t\t<div class=\"elementor-widget-container\">\n\t\t\t\t\t\t\t\t\t<div class=\"elementor-button-wrapper\">\n\t\t\t\t\t<a class=\"elementor-button elementor-button-link elementor-size-sm\" href=\"https:\/\/tafii.pl\/index.php\/zapisy-na-kurs\/\">\n\t\t\t\t\t\t<span class=\"elementor-button-content-wrapper\">\n\t\t\t\t\t\t\t\t\t<span class=\"elementor-button-text\">REJESTRACJA<\/span>\n\t\t\t\t\t<\/span>\n\t\t\t\t\t<\/a>\n\t\t\t\t<\/div>\n\t\t\t\t\t\t\t\t<\/div>\n\t\t\t\t<\/div>\n\t\t\t\t<div class=\"elementor-element elementor-element-752a656 elementor-widget elementor-widget-heading\" data-id=\"752a656\" data-element_type=\"widget\" data-e-type=\"widget\" data-widget_type=\"heading.default\">\n\t\t\t\t<div class=\"elementor-widget-container\">\n\t\t\t\t\t<h2 class=\"elementor-heading-title elementor-size-default\"><h2 data-elementor-setting-key=\"title\" data-pen-placeholder=\"Pisz tutaj...\" style=\"font-family: var(--total-h-family, Oswald);letter-spacing: normal;font-weight: var(--total-h-weight, 400);font-style: normal;text-transform: none;font-size: calc(var(--total-h-size) * 7\/8)\"><font color=\"#333333\" face=\"Open Sans, serif\"><span style=\"font-size: 21px;white-space: normal\"><span style=\"font-weight: 700\">CENNIK<\/span><\/span><\/font><\/h2><\/h2>\t\t\t\t<\/div>\n\t\t\t\t<\/div>\n\t\t\t\t\t<\/div>\n\t\t\t\t<\/div>\n\t\t<div class=\"elementor-element elementor-element-497fedd e-flex e-con-boxed e-con e-parent\" data-id=\"497fedd\" data-element_type=\"container\" data-e-type=\"container\">\n\t\t\t\t\t<div class=\"e-con-inner\">\n\t\t\t\t<div class=\"elementor-element elementor-element-59e36fd elementor-widget elementor-widget-text-editor\" data-id=\"59e36fd\" data-element_type=\"widget\" data-e-type=\"widget\" data-widget_type=\"text-editor.default\">\n\t\t\t\t<div class=\"elementor-widget-container\">\n\t\t\t\t\t\t\t\t\t<p><span style=\"color: #5a5d60; font-family: Lato, sans-serif; font-size: 14px; text-align: justify;\">Cena jednodniowego kursu na patent sternika motorowodnego wynosi 600 PLN.\u00a0<\/span><\/p><p><span style=\"color: #5a5d60; font-family: Lato, sans-serif; font-size: 14px; text-align: justify;\">Dla cz\u0142onk\u00f3w Klubu\u00a0<\/span><span style=\"color: #5a5d60; font-family: Lato, sans-serif; font-size: 14px; text-align: justify; font-style: var(--total-body-style, normal); font-weight: var(--total-body-weight, 400); letter-spacing: var(--total-body-letter-spacing, 0); text-transform: var(--total-body-text-transform, none);\">KS TAFII Kolbudy rabat 50 PLN\/550 PLN<\/span><\/p>\t\t\t\t\t\t\t\t<\/div>\n\t\t\t\t<\/div>\n\t\t\t\t\t<\/div>\n\t\t\t\t<\/div>\n\t\t<div class=\"elementor-element elementor-element-e65ed99 e-flex e-con-boxed e-con e-parent\" data-id=\"e65ed99\" data-element_type=\"container\" data-e-type=\"container\">\n\t\t\t\t\t<div class=\"e-con-inner\">\n\t\t\t\t<div class=\"elementor-element elementor-element-81c1be6 elementor-widget elementor-widget-heading\" data-id=\"81c1be6\" data-element_type=\"widget\" data-e-type=\"widget\" data-widget_type=\"heading.default\">\n\t\t\t\t<div class=\"elementor-widget-container\">\n\t\t\t\t\t<h2 class=\"elementor-heading-title elementor-size-default\"><h2 data-elementor-setting-key=\"title\" data-pen-placeholder=\"Pisz tutaj...\" style=\"font-family: var(--total-h-family, Oswald);letter-spacing: normal;line-height: var(--total-h-line-height, 1.3);font-weight: var(--total-h-weight, 400);font-style: normal;text-transform: none;font-size: calc(var(--total-h-size) * 7\/8);white-space: normal\"><span style=\", serif\"><span style=\"font-size: 21px\"><span style=\"font-weight: bold\">UPRAWNIENIA&nbsp;<\/span><\/span><\/span><\/h2><\/h2>\t\t\t\t<\/div>\n\t\t\t\t<\/div>\n\t\t\t\t\t<\/div>\n\t\t\t\t<\/div>\n\t\t<div class=\"elementor-element elementor-element-023d123 e-flex e-con-boxed e-con e-parent\" data-id=\"023d123\" data-element_type=\"container\" data-e-type=\"container\">\n\t\t\t\t\t<div class=\"e-con-inner\">\n\t\t\t\t<div class=\"elementor-element elementor-element-e5de3fb elementor-widget elementor-widget-text-editor\" data-id=\"e5de3fb\" data-element_type=\"widget\" data-e-type=\"widget\" data-widget_type=\"text-editor.default\">\n\t\t\t\t<div class=\"elementor-widget-container\">\n\t\t\t\t\t\t\t\t\t<p><span style=\"color: #5a5d60; font-family: Lato, sans-serif; font-size: 14px; text-align: justify;\">Aby przyst\u0105pi\u0107 do kursu trzeba mie\u0107 uko\u0144czone 14 lat\u00a0<\/span><\/p><p><span style=\"color: #5a5d60; font-family: Lato, sans-serif; font-size: 14px; text-align: justify;\">\u00a0<\/span><\/p><p><span style=\"color: #5a5d60; font-family: Lato, sans-serif; font-size: 14px; text-align: justify;\">Uzyskane przez ciebie uprawnienia zezwalaj\u0105 Tobie na:<\/span><\/p><ul><li style=\"list-style-type: none;\"><ul><li><span style=\"color: #5a5d60; font-family: Lato, sans-serif; font-size: 14px; text-align: justify;\">prowadzenie jacht\u00f3w motorowych po wodach \u015br\u00f3dl\u0105dowych\u00a0<\/span><\/li><li><span style=\"color: #5a5d60; font-family: Lato, sans-serif; font-size: 14px; text-align: justify;\">prowadzenie jacht\u00f3w motorowych o d\u0142ugo\u015bci kad\u0142uba do 12 M po morskich wodach wewn\u0119trznych oraz pozosta\u0142ych wodach morskich w strefie do 2 mil morskich od brzegu, w porze dziennej\u00a0<\/span><\/li><\/ul><\/li><\/ul><p><span style=\"color: #5a5d60; font-family: Lato, sans-serif; font-size: 14px; text-align: justify;\">\u00a0<\/span><\/p><p><span style=\"color: #5a5d60; font-family: Lato, sans-serif; font-size: 14px; text-align: justify;\">W cenie nie jest zawarta op\u0142ata egzaminu pa\u0144stwowego:<\/span><\/p><ul><li style=\"list-style-type: none;\"><ul><li><span style=\"color: #5a5d60; font-family: Lato, sans-serif; font-size: 14px; text-align: justify;\">250 PLN op\u0142ata pe\u0142na\u00a0<\/span><\/li><li><span style=\"color: #5a5d60; font-family: Lato, sans-serif; font-size: 14px; text-align: justify;\">125 PLN dotyczy uczni\u00f3w i student\u00f3w do 26 lat z wa\u017cn\u0105 legitymacj\u0105\u00a0<\/span><\/li><li><span style=\"color: #5a5d60; font-family: Lato, sans-serif; font-size: 14px; text-align: justify;\">50 PLN\/ 25 PLN op\u0142ata za wydanie patentu (do uregulowania przelewem przy wyrabianiu patentu na stronie zwi\u0105zku PZMiNW po zdanym egzaminie)<\/span><\/li><li><span style=\"color: #5a5d60; font-family: Lato, sans-serif; font-size: 14px; text-align: justify;\">50 PLN op\u0142ata za organizacj\u0119 egzaminu\u00a0<\/span><\/li><\/ul><\/li><\/ul>\t\t\t\t\t\t\t\t<\/div>\n\t\t\t\t<\/div>\n\t\t\t\t\t<\/div>\n\t\t\t\t<\/div>\n\t\t<div class=\"elementor-element elementor-element-7fe3b4d e-flex e-con-boxed e-con e-parent\" data-id=\"7fe3b4d\" data-element_type=\"container\" data-e-type=\"container\">\n\t\t\t\t\t<div class=\"e-con-inner\">\n\t\t\t\t<div class=\"elementor-element elementor-element-968cc76 elementor-widget elementor-widget-heading\" data-id=\"968cc76\" data-element_type=\"widget\" data-e-type=\"widget\" data-widget_type=\"heading.default\">\n\t\t\t\t<div class=\"elementor-widget-container\">\n\t\t\t\t\t<h2 class=\"elementor-heading-title elementor-size-default\"><h2 data-elementor-setting-key=\"title\" data-pen-placeholder=\"Pisz tutaj...\" style=\"font-family: var(--total-h-family, Oswald);letter-spacing: normal;line-height: var(--total-h-line-height, 1.3);font-weight: var(--total-h-weight, 400);font-style: normal;text-transform: none;font-size: calc(var(--total-h-size) * 7\/8);white-space: normal\"><span style=\", serif\"><span style=\"font-size: 21px\"><span style=\"font-weight: bold\">FORMALNO\u015aCI ZWI\u0104ZANE Z EGZAMINEM&nbsp;&nbsp;<\/span><\/span><\/span><\/h2><\/h2>\t\t\t\t<\/div>\n\t\t\t\t<\/div>\n\t\t\t\t\t<\/div>\n\t\t\t\t<\/div>\n\t\t<div class=\"elementor-element elementor-element-01f75d9 e-flex e-con-boxed e-con e-parent\" data-id=\"01f75d9\" data-element_type=\"container\" data-e-type=\"container\">\n\t\t\t\t\t<div class=\"e-con-inner\">\n\t\t\t\t<div class=\"elementor-element elementor-element-5ba910c elementor-widget elementor-widget-text-editor\" data-id=\"5ba910c\" data-element_type=\"widget\" data-e-type=\"widget\" data-widget_type=\"text-editor.default\">\n\t\t\t\t<div class=\"elementor-widget-container\">\n\t\t\t\t\t\t\t\t\t<p><span style=\"color: #5a5d60; font-family: Lato, sans-serif; font-size: 14px; text-align: justify;\">Z\u0142o\u017cenie wniosku o dopuszczenie do egzaminu oraz wniesienie op\u0142aty.\u00a0<\/span><\/p>\t\t\t\t\t\t\t\t<\/div>\n\t\t\t\t<\/div>\n\t\t\t\t\t<\/div>\n\t\t\t\t<\/div>\n\t\t<div class=\"elementor-element elementor-element-6387f20 e-flex e-con-boxed e-con e-parent\" data-id=\"6387f20\" data-element_type=\"container\" data-e-type=\"container\">\n\t\t\t\t\t<div class=\"e-con-inner\">\n\t\t\t\t<div class=\"elementor-element elementor-element-b82fc93 elementor-widget elementor-widget-heading\" data-id=\"b82fc93\" data-element_type=\"widget\" data-e-type=\"widget\" data-widget_type=\"heading.default\">\n\t\t\t\t<div class=\"elementor-widget-container\">\n\t\t\t\t\t<h2 class=\"elementor-heading-title elementor-size-default\"><h2 data-elementor-setting-key=\"title\" data-pen-placeholder=\"Pisz tutaj...\" style=\"font-family: var(--total-h-family, Oswald);letter-spacing: normal;line-height: var(--total-h-line-height, 1.3);font-weight: var(--total-h-weight, 400);font-style: normal;text-transform: none;font-size: calc(var(--total-h-size) * 7\/8);white-space: normal\"><span style=\", serif\"><span style=\"font-size: 21px\"><span style=\"font-weight: bold\">CO ZABRA\u0106 ZE SOB\u0104 NA KURS&nbsp;&nbsp;<\/span><\/span><\/span><\/h2><\/h2>\t\t\t\t<\/div>\n\t\t\t\t<\/div>\n\t\t\t\t\t<\/div>\n\t\t\t\t<\/div>\n\t\t<div class=\"elementor-element elementor-element-05f759f e-flex e-con-boxed e-con e-parent\" data-id=\"05f759f\" data-element_type=\"container\" data-e-type=\"container\">\n\t\t\t\t\t<div class=\"e-con-inner\">\n\t\t\t\t<div class=\"elementor-element elementor-element-45e7968 elementor-widget elementor-widget-text-editor\" data-id=\"45e7968\" data-element_type=\"widget\" data-e-type=\"widget\" data-widget_type=\"text-editor.default\">\n\t\t\t\t<div class=\"elementor-widget-container\">\n\t\t\t\t\t\t\t\t\t<p><span style=\"color: #5a5d60; font-family: Lato, sans-serif; font-size: 14px; text-align: justify;\">Na kurs warto zabra\u0107 cieplejsze rzeczy. Jak wiemy na wodzie jest zawsze zimniej ni\u017c na l\u0105dzie. Zw\u0142aszcza przy wi\u0119kszych pr\u0119dko\u015bciach. Przydadz\u0105 si\u0119 tak\u017ce okulary przeciws\u0142oneczne oraz obuwie na zmian\u0119. W miesi\u0105cach zimniejszych warto mie\u0107 r\u0119kawiczki. Na zaj\u0119cia teoretyczne polecamy zabra\u0107 ze sob\u0105 zeszyt i d\u0142ugopis aby zapisa\u0107 potrzebne informacje. Polecamy tak\u017ce aby ka\u017cdy uczestnik zabra\u0142 ze sob\u0105 co\u015b do zjedzenia w przerwie mi\u0119dzy teori\u0105 a praktyk\u0105.\u00a0<\/span><\/p>\t\t\t\t\t\t\t\t<\/div>\n\t\t\t\t<\/div>\n\t\t\t\t\t<\/div>\n\t\t\t\t<\/div>\n\t\t<div class=\"elementor-element elementor-element-1f74402 e-flex e-con-boxed e-con e-parent\" data-id=\"1f74402\" data-element_type=\"container\" data-e-type=\"container\">\n\t\t\t\t\t<div class=\"e-con-inner\">\n\t\t\t\t<div class=\"elementor-element elementor-element-3646886 elementor-widget elementor-widget-image\" data-id=\"3646886\" data-element_type=\"widget\" data-e-type=\"widget\" data-widget_type=\"image.default\">\n\t\t\t\t<div class=\"elementor-widget-container\">\n\t\t\t\t\t\t\t\t\t\t\t\t\t\t\t<img fetchpriority=\"high\" decoding=\"async\" width=\"640\" height=\"642\" src=\"https:\/\/tafii.pl\/wp-content\/uploads\/2023\/01\/received_260385831192252-1021x1024.png\" class=\"attachment-large size-large wp-image-1419\" alt=\"\" srcset=\"https:\/\/tafii.pl\/wp-content\/uploads\/2023\/01\/received_260385831192252-1021x1024.png 1021w, https:\/\/tafii.pl\/wp-content\/uploads\/2023\/01\/received_260385831192252-300x300.png 300w, https:\/\/tafii.pl\/wp-content\/uploads\/2023\/01\/received_260385831192252-150x150.png 150w, https:\/\/tafii.pl\/wp-content\/uploads\/2023\/01\/received_260385831192252-768x770.png 768w, https:\/\/tafii.pl\/wp-content\/uploads\/2023\/01\/received_260385831192252-400x400.png 400w, https:\/\/tafii.pl\/wp-content\/uploads\/2023\/01\/received_260385831192252-100x100.png 100w, https:\/\/tafii.pl\/wp-content\/uploads\/2023\/01\/received_260385831192252-600x602.png 600w, https:\/\/tafii.pl\/wp-content\/uploads\/2023\/01\/received_260385831192252.png 1080w\" sizes=\"(max-width: 640px) 100vw, 640px\" \/>\t\t\t\t\t\t\t\t\t\t\t\t\t\t\t<\/div>\n\t\t\t\t<\/div>\n\t\t\t\t\t<\/div>\n\t\t\t\t<\/div>\n\t\t\t\t<\/div>\n\t\t","protected":false},"excerpt":{"rendered":"<p>STERNIK MOTOROWODY KURS PRAKTYCZNY&nbsp;&nbsp; Na zaj\u0119ciach praktycznych przypominamy podstawowe manewry wykonywane w portach\u00a0 oraz przygotowujemy si\u0119 do manewr\u00f3w egzaminacyjnych. Nauczamy tak\u017ce jak prawid\u0142owo wprowadzi\u0107 RIBA w \u015blizg, tak aby przyjemno\u015b\u0107 z p\u0142ywanie by\u0142a jak najwi\u0119ksza. W czasie kursu nie brakuje czasu na dodatkowe pytania.\u00a0 KURS TEORETYCZNY&nbsp; Teori\u0119 prowadzimy w sali wyk\u0142adowej, z wykorzystaniem prezentacji multimedialnych.\u00a0 [&hellip;]<\/p>\n","protected":false},"author":3,"featured_media":0,"parent":0,"menu_order":0,"comment_status":"closed","ping_status":"closed","template":"","meta":{"footnotes":""},"class_list":["post-1295","page","type-page","status-publish","hentry"],"jetpack_sharing_enabled":true,"_links":{"self":[{"href":"https:\/\/tafii.pl\/index.php\/wp-json\/wp\/v2\/pages\/1295","targetHints":{"allow":["GET"]}}],"collection":[{"href":"https:\/\/tafii.pl\/index.php\/wp-json\/wp\/v2\/pages"}],"about":[{"href":"https:\/\/tafii.pl\/index.php\/wp-json\/wp\/v2\/types\/page"}],"author":[{"embeddable":true,"href":"https:\/\/tafii.pl\/index.php\/wp-json\/wp\/v2\/users\/3"}],"replies":[{"embeddable":true,"href":"https:\/\/tafii.pl\/index.php\/wp-json\/wp\/v2\/comments?post=1295"}],"version-history":[{"count":20,"href":"https:\/\/tafii.pl\/index.php\/wp-json\/wp\/v2\/pages\/1295\/revisions"}],"predecessor-version":[{"id":2114,"href":"https:\/\/tafii.pl\/index.php\/wp-json\/wp\/v2\/pages\/1295\/revisions\/2114"}],"wp:attachment":[{"href":"https:\/\/tafii.pl\/index.php\/wp-json\/wp\/v2\/media?parent=1295"}],"curies":[{"name":"wp","href":"https:\/\/api.w.org\/{rel}","templated":true}]}}