{"id":1300,"date":"2023-01-06T15:09:30","date_gmt":"2023-01-06T15:09:30","guid":{"rendered":"https:\/\/tafii.pl\/?page_id=1300"},"modified":"2023-11-27T10:31:48","modified_gmt":"2023-11-27T10:31:48","slug":"kurs-src","status":"publish","type":"page","link":"https:\/\/tafii.pl\/index.php\/kurs-src\/","title":{"rendered":"KURS SRC"},"content":{"rendered":"\t\t<div data-elementor-type=\"wp-page\" data-elementor-id=\"1300\" class=\"elementor elementor-1300\">\n\t\t\t\t<div class=\"elementor-element elementor-element-d38685a e-flex e-con-boxed e-con e-parent\" data-id=\"d38685a\" data-element_type=\"container\" data-e-type=\"container\">\n\t\t\t\t\t<div class=\"e-con-inner\">\n\t\t\t\t<div class=\"elementor-element elementor-element-1884ff3 elementor-widget elementor-widget-text-editor\" data-id=\"1884ff3\" data-element_type=\"widget\" data-e-type=\"widget\" data-widget_type=\"text-editor.default\">\n\t\t\t\t<div class=\"elementor-widget-container\">\n\t\t\t\t\t\t\t\t\t<p><img fetchpriority=\"high\" decoding=\"async\" class=\"size-medium wp-image-1363 alignright\" src=\"https:\/\/tafii.pl\/wp-content\/uploads\/2023\/01\/BEZ-1-300x206.png\" alt=\"\" width=\"300\" height=\"206\" srcset=\"https:\/\/tafii.pl\/wp-content\/uploads\/2023\/01\/BEZ-1-300x206.png 300w, https:\/\/tafii.pl\/wp-content\/uploads\/2023\/01\/BEZ-1-600x413.png 600w, https:\/\/tafii.pl\/wp-content\/uploads\/2023\/01\/BEZ-1.png 640w\" sizes=\"(max-width: 300px) 100vw, 300px\" \/>Na kursie radiooperatora SRC \/ VHF zdob\u0119dziesz niezb\u0119dn\u0105 wiedz\u0119 od do\u015bwiadczonego radiooperatora (posiadane licencje : SRC,\u00a0 HAM od ponad 25 lat) \u2013 o sposobach komunikowania si\u0119 w niebezpiecze\u0144stwie, wzywania pomocy, wykorzystywania urz\u0105dze\u0144 na jachcie, odbierania prognozy pogody i ostrze\u017ce\u0144 nawigacyjnych.<\/p>\t\t\t\t\t\t\t\t<\/div>\n\t\t\t\t<\/div>\n\t\t\t\t<div class=\"elementor-element elementor-element-843bc60 elementor-widget elementor-widget-heading\" data-id=\"843bc60\" data-element_type=\"widget\" data-e-type=\"widget\" data-widget_type=\"heading.default\">\n\t\t\t\t<div class=\"elementor-widget-container\">\n\t\t\t\t\t<h2 class=\"elementor-heading-title elementor-size-default\">Program kursu obejmuje:<\/h2>\t\t\t\t<\/div>\n\t\t\t\t<\/div>\n\t\t\t\t<div class=\"elementor-element elementor-element-34b50e4 elementor-widget elementor-widget-text-editor\" data-id=\"34b50e4\" data-element_type=\"widget\" data-e-type=\"widget\" data-widget_type=\"text-editor.default\">\n\t\t\t\t<div class=\"elementor-widget-container\">\n\t\t\t\t\t\t\t\t\t<p><img decoding=\"async\" class=\"size-medium wp-image-1510 alignleft\" src=\"https:\/\/tafii.pl\/wp-content\/uploads\/2023\/01\/Radar-SART-signal-300x291.jpg\" alt=\"\" width=\"300\" height=\"291\" srcset=\"https:\/\/tafii.pl\/wp-content\/uploads\/2023\/01\/Radar-SART-signal-300x291.jpg 300w, https:\/\/tafii.pl\/wp-content\/uploads\/2023\/01\/Radar-SART-signal.jpg 552w\" sizes=\"(max-width: 300px) 100vw, 300px\" \/><\/p><ol><li>Wiedz\u0119 o \u0142\u0105czno\u015bci VHF prowadzonej w pa\u015bmie morskim m.in: o rodzajach \u0142\u0105czno\u015bci, typach urz\u0105dze\u0144 i stacji radiowych, cz\u0119stotliwo\u015bciach oraz kana\u0142ach oraz wymogach w zakresie certyfikat\u00f3w i rejestracji stacji<\/li><li>Szczeg\u00f3\u0142ow\u0105 nauk\u0119 obs\u0142ugi morskiej radiostacji VHF wyposa\u017conej w funkcje DSC zgodnie z regulaminami i procedurami stosowanymi w komunikacji radiowej na morzu.\u00a0\u00a0<\/li><li>Wiedz\u0119 o procedurach radiowych w systemie GMDSS w szczeg\u00f3lno\u015bci w zakresie prowadzenia \u0142\u0105czno\u015bci w niebezpiecze\u0144stwie, wsp\u00f3\u0142pracy z SAR oraz odbioru komunikat\u00f3w MSI obejmuj\u0105cych prognozy pogody oraz informacje bezpiecze\u0144stwa \u017ceglugi.\u00a0<\/li><li><img decoding=\"async\" class=\"size-medium wp-image-1518 alignright\" src=\"https:\/\/tafii.pl\/wp-content\/uploads\/2023\/01\/file-300x236.jpg\" alt=\"\" width=\"300\" height=\"236\" srcset=\"https:\/\/tafii.pl\/wp-content\/uploads\/2023\/01\/file-300x236.jpg 300w, https:\/\/tafii.pl\/wp-content\/uploads\/2023\/01\/file-768x605.jpg 768w, https:\/\/tafii.pl\/wp-content\/uploads\/2023\/01\/file-600x473.jpg 600w, https:\/\/tafii.pl\/wp-content\/uploads\/2023\/01\/file.jpg 959w\" sizes=\"(max-width: 300px) 100vw, 300px\" \/>Wykorzystanie elektronicznych system\u00f3w alarmowania i lokalizacji w ramach GMDSS m.in. radiop\u0142awy EPIRB, transpondera SART oraz systemu AIS.\u00a0<\/li><li>Operacyjne procedury stosowane w \u0142\u0105czno\u015bci priorytetowej DISTRESS, URGENCY i SAFETY oraz w codziennej \u0142\u0105czno\u015bci rutynowej.<\/li><li>Praktyczn\u0105 i teoretyczn\u0105 wiedz\u0119 o procedurach stosowanych w radiokomunikacji morskiej.\u00a0<\/li><\/ol><div>\u00a0<\/div>\t\t\t\t\t\t\t\t<\/div>\n\t\t\t\t<\/div>\n\t\t\t\t\t<\/div>\n\t\t\t\t<\/div>\n\t\t<div class=\"elementor-element elementor-element-8a34688 e-flex e-con-boxed e-con e-parent\" data-id=\"8a34688\" data-element_type=\"container\" data-e-type=\"container\">\n\t\t\t\t\t<div class=\"e-con-inner\">\n\t\t\t\t<div class=\"elementor-element elementor-element-cbd4599 elementor-widget elementor-widget-heading\" data-id=\"cbd4599\" data-element_type=\"widget\" data-e-type=\"widget\" data-widget_type=\"heading.default\">\n\t\t\t\t<div class=\"elementor-widget-container\">\n\t\t\t\t\t<h2 class=\"elementor-heading-title elementor-size-default\">Zg\u0142oszenie na egzamin i wydanie \u015bwiadectwa:<\/h2>\t\t\t\t<\/div>\n\t\t\t\t<\/div>\n\t\t\t\t<div class=\"elementor-element elementor-element-03d9bcc elementor-widget elementor-widget-text-editor\" data-id=\"03d9bcc\" data-element_type=\"widget\" data-e-type=\"widget\" data-widget_type=\"text-editor.default\">\n\t\t\t\t<div class=\"elementor-widget-container\">\n\t\t\t\t\t\t\t\t\t<p style=\"margin-bottom: 10px; color: #5c5e62; font-family: MyriadProRegular; font-size: 16px;\"><span style=\"text-decoration: underline;\"><img loading=\"lazy\" decoding=\"async\" class=\"size-medium wp-image-1511 alignleft\" src=\"https:\/\/tafii.pl\/wp-content\/uploads\/2023\/01\/os_radioplawy-overview-300x145.jpg\" alt=\"\" width=\"300\" height=\"145\" srcset=\"https:\/\/tafii.pl\/wp-content\/uploads\/2023\/01\/os_radioplawy-overview-300x145.jpg 300w, https:\/\/tafii.pl\/wp-content\/uploads\/2023\/01\/os_radioplawy-overview.jpg 400w\" sizes=\"(max-width: 300px) 100vw, 300px\" \/><\/span><\/p><p>Egzaminy na \u015bwiadectwo\u00a0<strong>SRC<\/strong> prowadzi tylko i wy\u0142\u0105cznie<strong><span style=\"text-decoration: underline;\"><em> Urz\u0105d Komunikacji Elektronicznej<\/em><\/span> <\/strong>w o\u015brodkach na terenie ca\u0142ego kraju.<\/p><div style=\"text-align: justify; color: #222222; font-family: Arial, Helvetica, sans-serif; font-size: small;\">\u00a0<\/div><div><div>Informacje na temat planowanych sesji egzaminacyjnych dost\u0119pne s\u0105 na stronie:<\/div><div><a href=\"https:\/\/bip.uke.gov.pl\/swiadectwa-operatora-urzadzen-radiowych-tresci\/swiadectwa-morskie-i-zeglugi-srodladowej,1.html\" target=\"_blank\" rel=\"noopener\" data-saferedirecturl=\"https:\/\/www.google.com\/url?q=https:\/\/bip.uke.gov.pl\/swiadectwa-operatora-urzadzen-radiowych-tresci\/swiadectwa-morskie-i-zeglugi-srodladowej,1.html&amp;source=gmail&amp;ust=1597055417769000&amp;usg=AFQjCNG2or1Q5cpNeUnO6U-PFHTAJn_q-Q\">https:\/\/bip.uke.gov.pl\/<wbr \/>swiadectwa-operatora-urzadzen-<wbr \/>radiowych-tresci\/swiadectwa-<wbr \/>morskie-i-zeglugi-srodladowej,<wbr \/>1.html<\/a><\/div><\/div><div>\u00a0<\/div><div>W celu zarezerwowania miejsca na\u00a0egzaminie\u00a0nale\u017cy niezw\u0142ocznie zg\u0142osi\u0107 si\u0119 za po\u015brednictwem nowego elektronicznego systemu zapisu na\u00a0egzaminy. Obowi\u0105zuje\u00a0limit miejsc i nie warto zwleka\u0107.<\/div><div>\u00a0<\/div><p><a href=\"https:\/\/egzaminy.uke.gov.pl\/pl\" target=\"_blank\" rel=\"noopener\" data-saferedirecturl=\"https:\/\/www.google.com\/url?q=https:\/\/egzaminy.uke.gov.pl\/pl&amp;source=gmail&amp;ust=1597055417769000&amp;usg=AFQjCNHmqcW3AEkYVb1ofB6VGqgqCJoNjQ\">https:\/\/egzaminy.uke.gov.pl\/pl<\/a><\/p><p><a title=\"Harmonogram Sesji Egzaminacyjnych UKE \" href=\"https:\/\/bip.uke.gov.pl\/swiadectwa-operatora-urzadzen-radiowych-tresci\/swiadectwa-morskie-i-zeglugi-srodladowej,1.html\" target=\"_blank\" rel=\"noopener\">https:\/\/bip.uke.gov.pl\/swiadectwa-operatora-urzadzen-radiowych-tresci\/swiadectwa-morskie-i-zeglugi-srodladowej,1.html<\/a><\/p>\t\t\t\t\t\t\t\t<\/div>\n\t\t\t\t<\/div>\n\t\t\t\t\t<\/div>\n\t\t\t\t<\/div>\n\t\t<div class=\"elementor-element elementor-element-e5a4828 e-flex e-con-boxed e-con e-parent\" data-id=\"e5a4828\" data-element_type=\"container\" data-e-type=\"container\">\n\t\t\t\t\t<div class=\"e-con-inner\">\n\t\t\t\t<div class=\"elementor-element elementor-element-d638b02 elementor-widget elementor-widget-text-editor\" data-id=\"d638b02\" data-element_type=\"widget\" data-e-type=\"widget\" data-widget_type=\"text-editor.default\">\n\t\t\t\t<div class=\"elementor-widget-container\">\n\t\t\t\t\t\t\t\t\t<p>Cena: 400 z\u0142 obejmuje:<\/p>\n<ul>\n<li>pe\u0142ne szkolenie teoretyczne zgodne z programem kursu,<\/li>\n<li>\u0107wiczenia praktyczne z prawdziwymi radiostacjami,<\/li>\n<li>pakiet szkoleniowy &#8211; zestaw test\u00f3w do samodzielnego przygotowania,<\/li>\n<li>dodatkowe materia\u0142y dla uczestnik\u00f3w: wzory komunikat\u00f3w, polsko-angielski s\u0142owniczek VHF.&nbsp;<\/li>\n<\/ul>\n<div><br><\/div>\n<div>UWAGA!!!<br>ZAJ\u0118CIA DLA GRUP ZORGANIZOWANYCH,&nbsp;<br>ABY PRZEPROWADZI\u0106 KURS MUSI BY\u0106 UZBIERANE MINIMUM 10 UCZESTNIK\u00d3W!!!<\/div>\t\t\t\t\t\t\t\t<\/div>\n\t\t\t\t<\/div>\n\t\t\t\t\t<\/div>\n\t\t\t\t<\/div>\n\t\t<div class=\"elementor-element elementor-element-e22c6ca e-flex e-con-boxed e-con e-parent\" data-id=\"e22c6ca\" data-element_type=\"container\" data-e-type=\"container\">\n\t\t\t\t\t<div class=\"e-con-inner\">\n\t\t\t\t\t<\/div>\n\t\t\t\t<\/div>\n\t\t\t\t<\/div>\n\t\t","protected":false},"excerpt":{"rendered":"<p>Na kursie radiooperatora SRC \/ VHF zdob\u0119dziesz niezb\u0119dn\u0105 wiedz\u0119 od do\u015bwiadczonego radiooperatora (posiadane licencje : SRC,\u00a0 HAM od ponad 25 lat) \u2013 o sposobach komunikowania si\u0119 w niebezpiecze\u0144stwie, wzywania pomocy, wykorzystywania urz\u0105dze\u0144 na jachcie, odbierania prognozy pogody i ostrze\u017ce\u0144 nawigacyjnych. Program kursu obejmuje: Wiedz\u0119 o \u0142\u0105czno\u015bci VHF prowadzonej w pa\u015bmie morskim m.in: o rodzajach \u0142\u0105czno\u015bci, [&hellip;]<\/p>\n","protected":false},"author":3,"featured_media":0,"parent":0,"menu_order":0,"comment_status":"closed","ping_status":"closed","template":"","meta":{"footnotes":""},"class_list":["post-1300","page","type-page","status-publish","hentry"],"jetpack_sharing_enabled":true,"_links":{"self":[{"href":"https:\/\/tafii.pl\/index.php\/wp-json\/wp\/v2\/pages\/1300","targetHints":{"allow":["GET"]}}],"collection":[{"href":"https:\/\/tafii.pl\/index.php\/wp-json\/wp\/v2\/pages"}],"about":[{"href":"https:\/\/tafii.pl\/index.php\/wp-json\/wp\/v2\/types\/page"}],"author":[{"embeddable":true,"href":"https:\/\/tafii.pl\/index.php\/wp-json\/wp\/v2\/users\/3"}],"replies":[{"embeddable":true,"href":"https:\/\/tafii.pl\/index.php\/wp-json\/wp\/v2\/comments?post=1300"}],"version-history":[{"count":25,"href":"https:\/\/tafii.pl\/index.php\/wp-json\/wp\/v2\/pages\/1300\/revisions"}],"predecessor-version":[{"id":2027,"href":"https:\/\/tafii.pl\/index.php\/wp-json\/wp\/v2\/pages\/1300\/revisions\/2027"}],"wp:attachment":[{"href":"https:\/\/tafii.pl\/index.php\/wp-json\/wp\/v2\/media?parent=1300"}],"curies":[{"name":"wp","href":"https:\/\/api.w.org\/{rel}","templated":true}]}}