{"id":1326,"date":"2023-01-06T15:21:34","date_gmt":"2023-01-06T15:21:34","guid":{"rendered":"https:\/\/tafii.pl\/?page_id=1326"},"modified":"2024-03-25T09:34:36","modified_gmt":"2024-03-25T09:34:36","slug":"rejestracja-na-kurs-razem-z-egzaminem","status":"publish","type":"page","link":"https:\/\/tafii.pl\/index.php\/rejestracja-na-kurs-razem-z-egzaminem\/","title":{"rendered":"ZAPISZ SI\u0118 DO KS TAFII"},"content":{"rendered":"\t\t<div data-elementor-type=\"wp-page\" data-elementor-id=\"1326\" class=\"elementor elementor-1326\">\n\t\t\t\t<div class=\"elementor-element elementor-element-d021c52 e-flex e-con-boxed e-con e-parent\" data-id=\"d021c52\" data-element_type=\"container\" data-e-type=\"container\">\n\t\t\t\t\t<div class=\"e-con-inner\">\n\t\t\t\t<div class=\"elementor-element elementor-element-5c17113 elementor-widget elementor-widget-heading\" data-id=\"5c17113\" data-element_type=\"widget\" data-e-type=\"widget\" data-widget_type=\"heading.default\">\n\t\t\t\t<div class=\"elementor-widget-container\">\n\t\t\t\t\t<h2 class=\"elementor-heading-title elementor-size-default\">OFERTA KLUBU SPORTOWEGO TAFII<\/h2>\t\t\t\t<\/div>\n\t\t\t\t<\/div>\n\t\t\t\t<div class=\"elementor-element elementor-element-4345a50 elementor-widget elementor-widget-heading\" data-id=\"4345a50\" data-element_type=\"widget\" data-e-type=\"widget\" data-widget_type=\"heading.default\">\n\t\t\t\t<div class=\"elementor-widget-container\">\n\t\t\t\t\t<h2 class=\"elementor-heading-title elementor-size-default\">ZAPISZ SI\u0118 JU\u017b DZI\u015a!!!<\/h2>\t\t\t\t<\/div>\n\t\t\t\t<\/div>\n\t\t\t\t<div class=\"elementor-element elementor-element-8a5d01b elementor-widget elementor-widget-heading\" data-id=\"8a5d01b\" data-element_type=\"widget\" data-e-type=\"widget\" data-widget_type=\"heading.default\">\n\t\t\t\t<div class=\"elementor-widget-container\">\n\t\t\t\t\t<h2 class=\"elementor-heading-title elementor-size-default\">DO\u0141\u0104CZ DO KLUBU SPORTOWEGO TAFII <\/h2>\t\t\t\t<\/div>\n\t\t\t\t<\/div>\n\t\t\t\t<div class=\"elementor-element elementor-element-fab0782 elementor-widget elementor-widget-text-editor\" data-id=\"fab0782\" data-element_type=\"widget\" data-e-type=\"widget\" data-widget_type=\"text-editor.default\">\n\t\t\t\t<div class=\"elementor-widget-container\">\n\t\t\t\t\t\t\t\t\t<p>WYPE\u0141NIAJ\u0104C PONI\u017bSZY FORMULARZ\u00a0<\/p>\t\t\t\t\t\t\t\t<\/div>\n\t\t\t\t<\/div>\n\t\t\t\t<div class=\"elementor-element elementor-element-ab2fe24 elementor-widget elementor-widget-text-editor\" data-id=\"ab2fe24\" data-element_type=\"widget\" data-e-type=\"widget\" data-widget_type=\"text-editor.default\">\n\t\t\t\t<div class=\"elementor-widget-container\">\n\t\t\t\t\t\t\t\t\t<p>Nasz klub oferuje zaj\u0119cia ca\u0142oroczne. Prowadzimy zaj\u0119cia w taki spos\u00f3b, \u017ce mo\u017cna zapisa\u0107 dzieci pocz\u0105tkuj\u0105ce jak i z do\u015bwiadczeniem \u017ceglarskim. W naszym klubie rozwijamy dwie grupy:<\/p>\n<p>\u2022 szk\u00f3\u0142ka \u017ceglarska&nbsp;<span style=\"color: var(--total-content-text-color); font-family: var(--total-body-family, 'Pontano Sans', sans-serif); font-size: var(--total-body-size, 17px); font-style: var(--total-body-style, normal); font-weight: var(--total-body-weight, 400); letter-spacing: var(--total-body-letter-spacing, 0); text-transform: var(--total-body-text-transform, none);\">7-11 lat<\/span><span style=\"color: var(--total-content-text-color); font-family: var(--total-body-family, 'Pontano Sans', sans-serif); font-size: var(--total-body-size, 17px); font-style: var(--total-body-style, normal); font-weight: var(--total-body-weight, 400); letter-spacing: var(--total-body-letter-spacing, 0); text-transform: var(--total-body-text-transform, none);\">&nbsp;<\/span><span style=\"color: var(--total-content-text-color); font-family: var(--total-body-family, 'Pontano Sans', sans-serif); font-size: var(--total-body-size, 17px); font-style: var(--total-body-style, normal); font-weight: var(--total-body-weight, 400); letter-spacing: var(--total-body-letter-spacing, 0); text-transform: var(--total-body-text-transform, none);\">, gdzie dzieciaki oswajaj\u0105 si\u0119 z wod\u0105, poznaj\u0105 zagadnienia \u017ceglarskie oraz ucz\u0105 si\u0119 sterowania \u0142\u00f3dk\u0105<\/span><\/p>\n<p><span style=\"text-align: var(--text-align); color: var(--total-content-text-color); font-family: var(--total-body-family, 'Pontano Sans', sans-serif); font-size: var(--total-body-size, 17px); font-style: var(--total-body-style, normal); font-weight: var(--total-body-weight, 400); letter-spacing: var(--total-body-letter-spacing, 0); text-transform: var(--total-body-text-transform, none);\">\u2022 grupa regatowa przygotowanie do startu w regatach&nbsp;&nbsp;<\/span><\/p>\n<p>\u2022 od 12 lat GRUPA OMEGA profesjonalne przygotowanie do egzaminu na patent \u017ceglarza jachtowego<span style=\"text-align: var(--text-align); color: var(--total-content-text-color); font-family: var(--total-body-family, 'Pontano Sans', sans-serif); font-size: var(--total-body-size, 17px); font-style: var(--total-body-style, normal); font-weight: var(--total-body-weight, 400); letter-spacing: var(--total-body-letter-spacing, 0); text-transform: var(--total-body-text-transform, none);\"><br><\/span><\/p>\n<p><span style=\"text-align: var(--text-align); color: var(--total-content-text-color); font-family: var(--total-body-family, 'Pontano Sans', sans-serif); font-size: var(--total-body-size, 17px); font-style: var(--total-body-style, normal); font-weight: var(--total-body-weight, 400); letter-spacing: var(--total-body-letter-spacing, 0); text-transform: var(--total-body-text-transform, none);\">Do\u015bwiadczeni instruktorzy, wspania\u0142a atmosfera i rado\u015b\u0107 z zaj\u0119\u0107.&nbsp;<\/span><\/p>\n<p><span style=\"text-align: var(--text-align); color: var(--total-content-text-color); font-family: var(--total-body-family, 'Pontano Sans', sans-serif); font-size: var(--total-body-size, 17px); font-style: var(--total-body-style, normal); font-weight: var(--total-body-weight, 400); letter-spacing: var(--total-body-letter-spacing, 0); text-transform: var(--total-body-text-transform, none);\">Sk\u0142adka cz\u0142onkowska 350 PLN miesi\u0119cznie<\/span><span style=\"color: var(--total-content-text-color); font-family: var(--total-body-family, 'Pontano Sans', sans-serif); font-size: var(--total-body-size, 17px); font-style: var(--total-body-style, normal); font-weight: var(--total-body-weight, 400); letter-spacing: var(--total-body-letter-spacing, 0); text-transform: var(--total-body-text-transform, none);\">&nbsp;<\/span><span style=\"color: var(--total-content-text-color); font-family: var(--total-body-family, 'Pontano Sans', sans-serif); font-size: var(--total-body-size, 17px); font-style: var(--total-body-style, normal); font-weight: var(--total-body-weight, 400); letter-spacing: var(--total-body-letter-spacing, 0); text-transform: var(--total-body-text-transform, none);\">&nbsp;<\/span><\/p>\n<p>CZEKAMY NA CIEBIE!!!&nbsp;<\/p>\t\t\t\t\t\t\t\t<\/div>\n\t\t\t\t<\/div>\n\t\t\t\t<div class=\"elementor-element elementor-element-3dac7aa elementor-widget elementor-widget-wpforms\" data-id=\"3dac7aa\" data-element_type=\"widget\" data-e-type=\"widget\" data-widget_type=\"wpforms.default\">\n\t\t\t\t<div class=\"elementor-widget-container\">\n\t\t\t\t\t<div class=\"wpforms-container wpforms-container-full\" id=\"wpforms-1341\"><form id=\"wpforms-form-1341\" class=\"wpforms-validate wpforms-form wpforms-ajax-form\" data-formid=\"1341\" method=\"post\" enctype=\"multipart\/form-data\" action=\"\/index.php\/wp-json\/wp\/v2\/pages\/1326\" data-token=\"16d9a314ad291710b5185f436d81f214\" data-token-time=\"1776599064\"><noscript class=\"wpforms-error-noscript\">Please enable JavaScript in your browser to complete this form.<\/noscript><div class=\"wpforms-field-container\"><div id=\"wpforms-1341-field_4-container\" class=\"wpforms-field wpforms-field-name\" data-field-id=\"4\"><label class=\"wpforms-field-label\" for=\"wpforms-1341-field_4\">IMI\u0118 NAZWISKO RODZICA  <span class=\"wpforms-required-label\">*<\/span><\/label><input type=\"text\" id=\"wpforms-1341-field_4\" class=\"wpforms-field-medium wpforms-field-required\" name=\"wpforms[fields][4]\" required><\/div><div id=\"wpforms-1341-field_16-container\" class=\"wpforms-field wpforms-field-text\" data-field-id=\"16\"><label class=\"wpforms-field-label\" for=\"wpforms-1341-field_16\">IMI\u0118 NAZWISKO DZIECKA  <span class=\"wpforms-required-label\">*<\/span><\/label><input type=\"text\" id=\"wpforms-1341-field_16\" class=\"wpforms-field-medium wpforms-field-required\" name=\"wpforms[fields][16]\" required><\/div><div id=\"wpforms-1341-field_17-container\" class=\"wpforms-field wpforms-field-text\" data-field-id=\"17\"><label class=\"wpforms-field-label\" for=\"wpforms-1341-field_17\">WIEK DZIECKA <span class=\"wpforms-required-label\">*<\/span><\/label><input type=\"text\" id=\"wpforms-1341-field_17\" class=\"wpforms-field-medium wpforms-field-required\" name=\"wpforms[fields][17]\" required><\/div><div id=\"wpforms-1341-field_3-container\" class=\"wpforms-field wpforms-field-email\" data-field-id=\"3\"><label class=\"wpforms-field-label\" for=\"wpforms-1341-field_3\">EMAIL <span class=\"wpforms-required-label\">*<\/span><\/label><input type=\"email\" id=\"wpforms-1341-field_3\" class=\"wpforms-field-medium wpforms-field-required\" name=\"wpforms[fields][3]\" spellcheck=\"false\" required><\/div><div id=\"wpforms-1341-field_9-container\" class=\"wpforms-field wpforms-field-name\" data-field-id=\"9\"><label class=\"wpforms-field-label\" for=\"wpforms-1341-field_9\">NUMER TELEFONU <span class=\"wpforms-required-label\">*<\/span><\/label><input type=\"text\" id=\"wpforms-1341-field_9\" class=\"wpforms-field-medium wpforms-field-required\" name=\"wpforms[fields][9]\" required><\/div><div id=\"wpforms-1341-field_11-container\" class=\"wpforms-field wpforms-field-text\" data-field-id=\"11\"><label class=\"wpforms-field-label\" for=\"wpforms-1341-field_11\">UWAGI<\/label><input type=\"text\" id=\"wpforms-1341-field_11\" class=\"wpforms-field-large\" name=\"wpforms[fields][11]\" ><\/div><div id=\"wpforms-1341-field_10-container\" class=\"wpforms-field wpforms-field-checkbox\" data-field-id=\"10\"><label class=\"wpforms-field-label\">O\u015aWIADCZAM \u017bE WSZYTSKIE PODANE INFORMACJE S\u0104 ZGODNE Z PRAWD\u0104 <\/label><ul id=\"wpforms-1341-field_10\"><li class=\"choice-1 depth-1\"><input type=\"checkbox\" id=\"wpforms-1341-field_10_1\" name=\"wpforms[fields][10][]\" value=\"TAK\"  ><label class=\"wpforms-field-label-inline\" for=\"wpforms-1341-field_10_1\">TAK<\/label><\/li><\/ul><\/div><\/div><!-- .wpforms-field-container --><div class=\"wpforms-recaptcha-container wpforms-is-recaptcha wpforms-is-recaptcha-type-v2\" ><div class=\"g-recaptcha\" data-sitekey=\"6Ldl5MEjAAAAAPJU0s4oldbEJx4QHHKo_kMScK7j\"><\/div><input type=\"text\" name=\"g-recaptcha-hidden\" class=\"wpforms-recaptcha-hidden\" style=\"position:absolute!important;clip:rect(0,0,0,0)!important;height:1px!important;width:1px!important;border:0!important;overflow:hidden!important;padding:0!important;margin:0!important;\" data-rule-recaptcha=\"1\"><\/div><div class=\"wpforms-submit-container\" ><input type=\"hidden\" name=\"wpforms[id]\" value=\"1341\"><input type=\"hidden\" name=\"page_title\" value=\"\"><input type=\"hidden\" name=\"page_url\" value=\"https:\/\/tafii.pl\/index.php\/wp-json\/wp\/v2\/pages\/1326\"><input type=\"hidden\" name=\"url_referer\" value=\"\"><button type=\"submit\" name=\"wpforms[submit]\" id=\"wpforms-submit-1341\" class=\"wpforms-submit\" data-alt-text=\"Sending...\" data-submit-text=\"WYY\u015aLIJ\" aria-live=\"assertive\" value=\"wpforms-submit\">WYY\u015aLIJ<\/button><img decoding=\"async\" src=\"https:\/\/tafii.pl\/wp-content\/plugins\/wpforms-lite\/assets\/images\/submit-spin.svg\" class=\"wpforms-submit-spinner\" style=\"display: none;\" width=\"26\" height=\"26\" alt=\"Loading\"><\/div><\/form><\/div>  <!-- .wpforms-container -->\t\t\t\t<\/div>\n\t\t\t\t<\/div>\n\t\t\t\t\t<\/div>\n\t\t\t\t<\/div>\n\t\t\t\t<\/div>\n\t\t","protected":false},"excerpt":{"rendered":"<p>OFERTA KLUBU SPORTOWEGO TAFII ZAPISZ SI\u0118 JU\u017b DZI\u015a!!! DO\u0141\u0104CZ DO KLUBU SPORTOWEGO TAFII WYPE\u0141NIAJ\u0104C PONI\u017bSZY FORMULARZ\u00a0 Nasz klub oferuje zaj\u0119cia ca\u0142oroczne. Prowadzimy zaj\u0119cia w taki spos\u00f3b, \u017ce mo\u017cna zapisa\u0107 dzieci pocz\u0105tkuj\u0105ce jak i z do\u015bwiadczeniem \u017ceglarskim. W naszym klubie rozwijamy dwie grupy: \u2022 szk\u00f3\u0142ka \u017ceglarska&nbsp;7-11 lat&nbsp;, gdzie dzieciaki oswajaj\u0105 si\u0119 z wod\u0105, poznaj\u0105 zagadnienia \u017ceglarskie [&hellip;]<\/p>\n","protected":false},"author":3,"featured_media":0,"parent":0,"menu_order":0,"comment_status":"closed","ping_status":"closed","template":"","meta":{"footnotes":""},"class_list":["post-1326","page","type-page","status-publish","hentry"],"jetpack_sharing_enabled":true,"_links":{"self":[{"href":"https:\/\/tafii.pl\/index.php\/wp-json\/wp\/v2\/pages\/1326","targetHints":{"allow":["GET"]}}],"collection":[{"href":"https:\/\/tafii.pl\/index.php\/wp-json\/wp\/v2\/pages"}],"about":[{"href":"https:\/\/tafii.pl\/index.php\/wp-json\/wp\/v2\/types\/page"}],"author":[{"embeddable":true,"href":"https:\/\/tafii.pl\/index.php\/wp-json\/wp\/v2\/users\/3"}],"replies":[{"embeddable":true,"href":"https:\/\/tafii.pl\/index.php\/wp-json\/wp\/v2\/comments?post=1326"}],"version-history":[{"count":39,"href":"https:\/\/tafii.pl\/index.php\/wp-json\/wp\/v2\/pages\/1326\/revisions"}],"predecessor-version":[{"id":2167,"href":"https:\/\/tafii.pl\/index.php\/wp-json\/wp\/v2\/pages\/1326\/revisions\/2167"}],"wp:attachment":[{"href":"https:\/\/tafii.pl\/index.php\/wp-json\/wp\/v2\/media?parent=1326"}],"curies":[{"name":"wp","href":"https:\/\/api.w.org\/{rel}","templated":true}]}}