{"id":1463,"date":"2023-01-16T22:31:47","date_gmt":"2023-01-16T22:31:47","guid":{"rendered":"https:\/\/tafii.pl\/?page_id=1463"},"modified":"2023-12-04T09:26:06","modified_gmt":"2023-12-04T09:26:06","slug":"holowanie-narciarza-wodnego","status":"publish","type":"page","link":"https:\/\/tafii.pl\/index.php\/holowanie-narciarza-wodnego\/","title":{"rendered":"HOLOWANIE NARCIARZA WODNEGO"},"content":{"rendered":"\t\t<div data-elementor-type=\"wp-page\" data-elementor-id=\"1463\" class=\"elementor elementor-1463\">\n\t\t\t\t<div class=\"elementor-element elementor-element-f759b87 e-flex e-con-boxed e-con e-parent\" data-id=\"f759b87\" data-element_type=\"container\" data-e-type=\"container\">\n\t\t\t\t\t<div class=\"e-con-inner\">\n\t\t\t\t<div class=\"elementor-element elementor-element-4b33b4c elementor-widget elementor-widget-heading\" data-id=\"4b33b4c\" data-element_type=\"widget\" data-e-type=\"widget\" data-widget_type=\"heading.default\">\n\t\t\t\t<div class=\"elementor-widget-container\">\n\t\t\t\t\t<h2 class=\"elementor-heading-title elementor-size-default\"><h2 class=\"elementor-heading-title elementor-size-default elementor-inline-editing pen\" data-elementor-setting-key=\"title\" data-pen-placeholder=\"Pisz tutaj...\" style=\"font-family: var(--total-h-family, Oswald);letter-spacing: normal;font-weight: var(--total-h-weight, 400);font-style: normal;text-transform: none;font-size: calc(var(--total-h-size) * 7\/8)\"><span style=\"color: var(--total-content-header-color);font-family: var(--total-h-family, Oswald);font-size: calc(var(--total-h-size) * 7\/8);font-weight: var(--total-h-weight, 400);text-align: var(--text-align)\">HOLOWANIE NARCIARZA WODNEGO<\/span><br><\/h2><\/h2>\t\t\t\t<\/div>\n\t\t\t\t<\/div>\n\t\t\t\t\t<\/div>\n\t\t\t\t<\/div>\n\t\t<div class=\"elementor-element elementor-element-ce54810 e-flex e-con-boxed e-con e-parent\" data-id=\"ce54810\" data-element_type=\"container\" data-e-type=\"container\">\n\t\t\t\t\t<div class=\"e-con-inner\">\n\t\t\t\t<div class=\"elementor-element elementor-element-a6a780e elementor-widget elementor-widget-heading\" data-id=\"a6a780e\" data-element_type=\"widget\" data-e-type=\"widget\" data-widget_type=\"heading.default\">\n\t\t\t\t<div class=\"elementor-widget-container\">\n\t\t\t\t\t<h2 class=\"elementor-heading-title elementor-size-default\"><strong style=\", serif;font-size: 21px;white-space: normal\">PRZEBIEG KURSU CENNIK<\/strong><\/h2>\t\t\t\t<\/div>\n\t\t\t\t<\/div>\n\t\t\t\t\t<\/div>\n\t\t\t\t<\/div>\n\t\t<div class=\"elementor-element elementor-element-7307251 e-flex e-con-boxed e-con e-parent\" data-id=\"7307251\" data-element_type=\"container\" data-e-type=\"container\">\n\t\t\t\t\t<div class=\"e-con-inner\">\n\t\t\t\t<div class=\"elementor-element elementor-element-e27ded4 elementor-widget elementor-widget-text-editor\" data-id=\"e27ded4\" data-element_type=\"widget\" data-e-type=\"widget\" data-widget_type=\"text-editor.default\">\n\t\t\t\t<div class=\"elementor-widget-container\">\n\t\t\t\t\t\t\t\t\t<ul style=\"margin-bottom: 10px; color: #4d4d4d; font-family: 'Open Sans', sans-serif; font-size: 16px;\"><li>Na kursie przedstawiamy zasady teoretyczne i praktyczne prowadzenia jednostki w portach oraz akwenach otwartych, prawid\u0142owego i bezpiecznego sposobu u\u017cytkowania obiekt\u00f3w p\u0142ywaj\u0105cych i nart wodnych<\/li><\/ul>\t\t\t\t\t\t\t\t<\/div>\n\t\t\t\t<\/div>\n\t\t\t\t\t<\/div>\n\t\t\t\t<\/div>\n\t\t<div class=\"elementor-element elementor-element-875a888 e-flex e-con-boxed e-con e-parent\" data-id=\"875a888\" data-element_type=\"container\" data-e-type=\"container\">\n\t\t\t\t\t<div class=\"e-con-inner\">\n\t\t\t\t<div class=\"elementor-element elementor-element-d05406e elementor-widget elementor-widget-heading\" data-id=\"d05406e\" data-element_type=\"widget\" data-e-type=\"widget\" data-widget_type=\"heading.default\">\n\t\t\t\t<div class=\"elementor-widget-container\">\n\t\t\t\t\t<h2 class=\"elementor-heading-title elementor-size-default\"><h2 data-elementor-setting-key=\"title\" data-pen-placeholder=\"Pisz tutaj...\" style=\"font-family: var(--total-h-family, Oswald);letter-spacing: normal;font-weight: var(--total-h-weight, 400);font-style: normal;text-transform: none;font-size: calc(var(--total-h-size) * 7\/8)\"><strong style=\", serif;font-size: 21px;white-space: normal\">WYMAGANIA&nbsp;<\/strong><\/h2><\/h2>\t\t\t\t<\/div>\n\t\t\t\t<\/div>\n\t\t\t\t\t<\/div>\n\t\t\t\t<\/div>\n\t\t<div class=\"elementor-element elementor-element-0aebe11 e-flex e-con-boxed e-con e-parent\" data-id=\"0aebe11\" data-element_type=\"container\" data-e-type=\"container\">\n\t\t\t\t\t<div class=\"e-con-inner\">\n\t\t\t\t<div class=\"elementor-element elementor-element-04f8743 elementor-widget elementor-widget-text-editor\" data-id=\"04f8743\" data-element_type=\"widget\" data-e-type=\"widget\" data-widget_type=\"text-editor.default\">\n\t\t\t\t<div class=\"elementor-widget-container\">\n\t\t\t\t\t\t\t\t\t<p>\u2022 uko\u0144czone 18 lat\u00a0<\/p><p>\u2022 posiada\u0107 minimum patent sternika motorowodnego\u00a0<\/p>\t\t\t\t\t\t\t\t<\/div>\n\t\t\t\t<\/div>\n\t\t\t\t\t<\/div>\n\t\t\t\t<\/div>\n\t\t<div class=\"elementor-element elementor-element-f872ec0 e-flex e-con-boxed e-con e-parent\" data-id=\"f872ec0\" data-element_type=\"container\" data-e-type=\"container\">\n\t\t\t\t\t<div class=\"e-con-inner\">\n\t\t\t\t<div class=\"elementor-element elementor-element-2b7def2 elementor-widget elementor-widget-heading\" data-id=\"2b7def2\" data-element_type=\"widget\" data-e-type=\"widget\" data-widget_type=\"heading.default\">\n\t\t\t\t<div class=\"elementor-widget-container\">\n\t\t\t\t\t<h2 class=\"elementor-heading-title elementor-size-default\"><h2 data-elementor-setting-key=\"title\" data-pen-placeholder=\"Pisz tutaj...\" style=\"font-family: var(--total-h-family, Oswald);letter-spacing: normal;line-height: var(--total-h-line-height, 1.3);font-weight: var(--total-h-weight, 400);font-style: normal;text-transform: none;font-size: calc(var(--total-h-size) * 7\/8)\"><strong style=\", serif;font-size: 21px;white-space: normal\">UPRAWNIENIA<\/strong><\/h2><\/h2>\t\t\t\t<\/div>\n\t\t\t\t<\/div>\n\t\t\t\t\t<\/div>\n\t\t\t\t<\/div>\n\t\t<div class=\"elementor-element elementor-element-2a64cbf e-flex e-con-boxed e-con e-parent\" data-id=\"2a64cbf\" data-element_type=\"container\" data-e-type=\"container\">\n\t\t\t\t\t<div class=\"e-con-inner\">\n\t\t\t\t<div class=\"elementor-element elementor-element-6237e2d elementor-widget elementor-widget-text-editor\" data-id=\"6237e2d\" data-element_type=\"widget\" data-e-type=\"widget\" data-widget_type=\"text-editor.default\">\n\t\t\t\t<div class=\"elementor-widget-container\">\n\t\t\t\t\t\t\t\t\t<p>Holowanie narciarza lub innych obiekt\u00f3w holowania na wodzie<\/p>\t\t\t\t\t\t\t\t<\/div>\n\t\t\t\t<\/div>\n\t\t\t\t\t<\/div>\n\t\t\t\t<\/div>\n\t\t<div class=\"elementor-element elementor-element-efd74b7 e-flex e-con-boxed e-con e-parent\" data-id=\"efd74b7\" data-element_type=\"container\" data-e-type=\"container\">\n\t\t\t\t\t<div class=\"e-con-inner\">\n\t\t\t\t<div class=\"elementor-element elementor-element-5a6b540 elementor-widget elementor-widget-heading\" data-id=\"5a6b540\" data-element_type=\"widget\" data-e-type=\"widget\" data-widget_type=\"heading.default\">\n\t\t\t\t<div class=\"elementor-widget-container\">\n\t\t\t\t\t<h2 class=\"elementor-heading-title elementor-size-default\"><h2 data-elementor-setting-key=\"title\" data-pen-placeholder=\"Pisz tutaj...\" style=\"font-family: var(--total-h-family, Oswald);letter-spacing: normal;font-weight: var(--total-h-weight, 400);font-style: normal;text-transform: none;font-size: calc(var(--total-h-size) * 7\/8)\"><\/h2><h2 data-elementor-setting-key=\"title\" data-pen-placeholder=\"Pisz tutaj...\" style=\"font-family: var(--total-h-family, Oswald);letter-spacing: normal;line-height: var(--total-h-line-height, 1.3);font-weight: var(--total-h-weight, 400);font-style: normal;text-transform: none;font-size: calc(var(--total-h-size) * 7\/8)\"><strong style=\", serif;font-size: 21px;white-space: normal\">DLA UCZESTNIKA<\/strong><\/h2><\/h2>\t\t\t\t<\/div>\n\t\t\t\t<\/div>\n\t\t\t\t\t<\/div>\n\t\t\t\t<\/div>\n\t\t<div class=\"elementor-element elementor-element-bdfceaa e-flex e-con-boxed e-con e-parent\" data-id=\"bdfceaa\" data-element_type=\"container\" data-e-type=\"container\">\n\t\t\t\t\t<div class=\"e-con-inner\">\n\t\t\t\t<div class=\"elementor-element elementor-element-6f03aac elementor-widget__width-initial elementor-widget elementor-widget-text-editor\" data-id=\"6f03aac\" data-element_type=\"widget\" data-e-type=\"widget\" data-widget_type=\"text-editor.default\">\n\t\t\t\t<div class=\"elementor-widget-container\">\n\t\t\t\t\t\t\t\t\t<p>Licencja holowanie narciarza lub innych obiekt\u00f3w na wodzie jest dla os\u00f3b kt\u00f3re posiadaj\u0105 minimum patent sternika motorowodnego. Aby uatrakcyjni\u0107 swoje p\u0142ywanie poprzez zwi\u0119kszenia dawki adrenaliny warto zrobi\u0107 te uprawnienia.&nbsp;<\/p>\t\t\t\t\t\t\t\t<\/div>\n\t\t\t\t<\/div>\n\t\t\t\t<div class=\"elementor-element elementor-element-548b479 elementor-widget elementor-widget-heading\" data-id=\"548b479\" data-element_type=\"widget\" data-e-type=\"widget\" data-widget_type=\"heading.default\">\n\t\t\t\t<div class=\"elementor-widget-container\">\n\t\t\t\t\t<h2 class=\"elementor-heading-title elementor-size-default\"><h2 data-elementor-setting-key=\"title\" data-pen-placeholder=\"Pisz tutaj...\" style=\"font-family: var(--total-h-family, Oswald);letter-spacing: normal;font-weight: var(--total-h-weight, 400);font-style: normal;text-transform: none;font-size: calc(var(--total-h-size) * 7\/8)\"><\/h2><h2 data-elementor-setting-key=\"title\" data-pen-placeholder=\"Pisz tutaj...\" style=\"font-family: var(--total-h-family, Oswald);letter-spacing: normal;line-height: var(--total-h-line-height, 1.3);font-weight: var(--total-h-weight, 400);font-style: normal;text-transform: none;font-size: calc(var(--total-h-size) * 7\/8)\"><strong style=\", serif;font-size: 21px;white-space: normal\">CENNIK<\/strong><\/h2><\/h2>\t\t\t\t<\/div>\n\t\t\t\t<\/div>\n\t\t\t\t<div class=\"elementor-element elementor-element-c697019 elementor-widget__width-initial elementor-widget elementor-widget-text-editor\" data-id=\"c697019\" data-element_type=\"widget\" data-e-type=\"widget\" data-widget_type=\"text-editor.default\">\n\t\t\t\t<div class=\"elementor-widget-container\">\n\t\t\t\t\t\t\t\t\t<p style=\"text-align: start;\"><span style=\"color: #5a5d60; font-family: Lato, sans-serif; font-size: 14px; text-align: justify;\">Cena jednodniowego kursu na patent holowanie narciarza wodnego 300 PLN.\u00a0<\/span><\/p><p style=\"text-align: start;\"><span style=\"color: #5a5d60; font-family: Lato, sans-serif; font-size: 14px; text-align: justify;\">Dla cz\u0142onk\u00f3w Klubu\u00a0<\/span><span style=\"color: #5a5d60; font-family: Lato, sans-serif; font-size: 14px; text-align: justify; font-style: var(--total-body-style, normal); font-weight: var(--total-body-weight, 400); letter-spacing: var(--total-body-letter-spacing, 0); text-transform: var(--total-body-text-transform, none);\">KS TAFII Kolbudy rabat 50 PLN\/250 PLN<\/span><\/p>\t\t\t\t\t\t\t\t<\/div>\n\t\t\t\t<\/div>\n\t\t\t\t\t<\/div>\n\t\t\t\t<\/div>\n\t\t<div class=\"elementor-element elementor-element-17c0b9b e-flex e-con-boxed e-con e-parent\" data-id=\"17c0b9b\" data-element_type=\"container\" data-e-type=\"container\">\n\t\t\t\t\t<div class=\"e-con-inner\">\n\t\t\t\t<div class=\"elementor-element elementor-element-e8c6629 elementor-align-center elementor-widget elementor-widget-button\" data-id=\"e8c6629\" data-element_type=\"widget\" data-e-type=\"widget\" data-widget_type=\"button.default\">\n\t\t\t\t<div class=\"elementor-widget-container\">\n\t\t\t\t\t\t\t\t\t<div class=\"elementor-button-wrapper\">\n\t\t\t\t\t<a class=\"elementor-button elementor-button-link elementor-size-sm\" href=\"https:\/\/tafii.pl\/index.php\/zapisy-na-kurs\/\">\n\t\t\t\t\t\t<span class=\"elementor-button-content-wrapper\">\n\t\t\t\t\t\t\t\t\t<span class=\"elementor-button-text\">REJESTRACJA<\/span>\n\t\t\t\t\t<\/span>\n\t\t\t\t\t<\/a>\n\t\t\t\t<\/div>\n\t\t\t\t\t\t\t\t<\/div>\n\t\t\t\t<\/div>\n\t\t\t\t\t<\/div>\n\t\t\t\t<\/div>\n\t\t<div class=\"elementor-element elementor-element-476caa5 e-flex e-con-boxed e-con e-parent\" data-id=\"476caa5\" data-element_type=\"container\" data-e-type=\"container\">\n\t\t\t\t\t<div class=\"e-con-inner\">\n\t\t\t\t<div class=\"elementor-element elementor-element-48081e1 elementor-widget elementor-widget-image\" data-id=\"48081e1\" data-element_type=\"widget\" data-e-type=\"widget\" data-widget_type=\"image.default\">\n\t\t\t\t<div class=\"elementor-widget-container\">\n\t\t\t\t\t\t\t\t\t\t\t\t\t\t\t<img fetchpriority=\"high\" decoding=\"async\" width=\"640\" height=\"363\" src=\"https:\/\/tafii.pl\/wp-content\/uploads\/2023\/01\/IMG_5931-1024x581.jpg\" class=\"attachment-large size-large wp-image-1502\" alt=\"\" srcset=\"https:\/\/tafii.pl\/wp-content\/uploads\/2023\/01\/IMG_5931-1024x581.jpg 1024w, https:\/\/tafii.pl\/wp-content\/uploads\/2023\/01\/IMG_5931-300x170.jpg 300w, https:\/\/tafii.pl\/wp-content\/uploads\/2023\/01\/IMG_5931-768x436.jpg 768w, https:\/\/tafii.pl\/wp-content\/uploads\/2023\/01\/IMG_5931-1320x749.jpg 1320w, https:\/\/tafii.pl\/wp-content\/uploads\/2023\/01\/IMG_5931-600x341.jpg 600w, https:\/\/tafii.pl\/wp-content\/uploads\/2023\/01\/IMG_5931.jpg 1459w\" sizes=\"(max-width: 640px) 100vw, 640px\" \/>\t\t\t\t\t\t\t\t\t\t\t\t\t\t\t<\/div>\n\t\t\t\t<\/div>\n\t\t\t\t\t<\/div>\n\t\t\t\t<\/div>\n\t\t\t\t<\/div>\n\t\t","protected":false},"excerpt":{"rendered":"<p>HOLOWANIE NARCIARZA WODNEGO PRZEBIEG KURSU CENNIK Na kursie przedstawiamy zasady teoretyczne i praktyczne prowadzenia jednostki w portach oraz akwenach otwartych, prawid\u0142owego i bezpiecznego sposobu u\u017cytkowania obiekt\u00f3w p\u0142ywaj\u0105cych i nart wodnych WYMAGANIA&nbsp; \u2022 uko\u0144czone 18 lat\u00a0 \u2022 posiada\u0107 minimum patent sternika motorowodnego\u00a0 UPRAWNIENIA Holowanie narciarza lub innych obiekt\u00f3w holowania na wodzie DLA UCZESTNIKA Licencja holowanie narciarza [&hellip;]<\/p>\n","protected":false},"author":3,"featured_media":0,"parent":0,"menu_order":0,"comment_status":"closed","ping_status":"closed","template":"","meta":{"footnotes":""},"class_list":["post-1463","page","type-page","status-publish","hentry"],"jetpack_sharing_enabled":true,"_links":{"self":[{"href":"https:\/\/tafii.pl\/index.php\/wp-json\/wp\/v2\/pages\/1463","targetHints":{"allow":["GET"]}}],"collection":[{"href":"https:\/\/tafii.pl\/index.php\/wp-json\/wp\/v2\/pages"}],"about":[{"href":"https:\/\/tafii.pl\/index.php\/wp-json\/wp\/v2\/types\/page"}],"author":[{"embeddable":true,"href":"https:\/\/tafii.pl\/index.php\/wp-json\/wp\/v2\/users\/3"}],"replies":[{"embeddable":true,"href":"https:\/\/tafii.pl\/index.php\/wp-json\/wp\/v2\/comments?post=1463"}],"version-history":[{"count":13,"href":"https:\/\/tafii.pl\/index.php\/wp-json\/wp\/v2\/pages\/1463\/revisions"}],"predecessor-version":[{"id":2084,"href":"https:\/\/tafii.pl\/index.php\/wp-json\/wp\/v2\/pages\/1463\/revisions\/2084"}],"wp:attachment":[{"href":"https:\/\/tafii.pl\/index.php\/wp-json\/wp\/v2\/media?parent=1463"}],"curies":[{"name":"wp","href":"https:\/\/api.w.org\/{rel}","templated":true}]}}