{"id":1979,"date":"2023-11-24T09:49:02","date_gmt":"2023-11-24T09:49:02","guid":{"rendered":"https:\/\/tafii.pl\/?page_id=1979"},"modified":"2023-12-13T12:17:58","modified_gmt":"2023-12-13T12:17:58","slug":"ferie-zimowe","status":"publish","type":"page","link":"https:\/\/tafii.pl\/index.php\/ferie-zimowe\/","title":{"rendered":"FERIE ZIMOWE"},"content":{"rendered":"\t\t<div data-elementor-type=\"wp-page\" data-elementor-id=\"1979\" class=\"elementor elementor-1979\">\n\t\t\t\t<div class=\"elementor-element elementor-element-f0c8f81 e-flex e-con-boxed e-con e-parent\" data-id=\"f0c8f81\" data-element_type=\"container\" data-e-type=\"container\">\n\t\t\t\t\t<div class=\"e-con-inner\">\n\t\t\t\t<div class=\"elementor-element elementor-element-b206442 elementor-widget elementor-widget-heading\" data-id=\"b206442\" data-element_type=\"widget\" data-e-type=\"widget\" data-widget_type=\"heading.default\">\n\t\t\t\t<div class=\"elementor-widget-container\">\n\t\t\t\t\t<h3 class=\"elementor-heading-title elementor-size-default\">TERMINY:<\/h3>\t\t\t\t<\/div>\n\t\t\t\t<\/div>\n\t\t\t\t<div class=\"elementor-element elementor-element-6049a4a elementor-align-center elementor-widget elementor-widget-button\" data-id=\"6049a4a\" data-element_type=\"widget\" data-e-type=\"widget\" data-widget_type=\"button.default\">\n\t\t\t\t<div class=\"elementor-widget-container\">\n\t\t\t\t\t\t\t\t\t<div class=\"elementor-button-wrapper\">\n\t\t\t\t\t<a class=\"elementor-button elementor-button-link elementor-size-md\" href=\"https:\/\/docs.google.com\/forms\/d\/e\/1FAIpQLSfpd2mCJ1NVh4v4pP65dYPziAoSvTrSP8Kbrf82PEt8o-_0bg\/viewform?usp=sf_link\">\n\t\t\t\t\t\t<span class=\"elementor-button-content-wrapper\">\n\t\t\t\t\t\t\t\t\t<span class=\"elementor-button-text\">TEMIN 4-9.02.2024<\/span>\n\t\t\t\t\t<\/span>\n\t\t\t\t\t<\/a>\n\t\t\t\t<\/div>\n\t\t\t\t\t\t\t\t<\/div>\n\t\t\t\t<\/div>\n\t\t\t\t<div class=\"elementor-element elementor-element-23a550a elementor-widget elementor-widget-text-editor\" data-id=\"23a550a\" data-element_type=\"widget\" data-e-type=\"widget\" data-widget_type=\"text-editor.default\">\n\t\t\t\t<div class=\"elementor-widget-container\">\n\t\t\t\t\t\t\t\t\t<p><b>ZAPRASZAMY!!!<\/b><\/p>\t\t\t\t\t\t\t\t<\/div>\n\t\t\t\t<\/div>\n\t\t\t\t<div class=\"elementor-element elementor-element-fa386b0 e-transform elementor-widget elementor-widget-text-editor\" data-id=\"fa386b0\" data-element_type=\"widget\" data-e-type=\"widget\" data-settings=\"{&quot;_transform_translateX_effect&quot;:{&quot;unit&quot;:&quot;px&quot;,&quot;size&quot;:&quot;&quot;,&quot;sizes&quot;:[]},&quot;_transform_translateX_effect_tablet&quot;:{&quot;unit&quot;:&quot;px&quot;,&quot;size&quot;:&quot;&quot;,&quot;sizes&quot;:[]},&quot;_transform_translateX_effect_mobile&quot;:{&quot;unit&quot;:&quot;px&quot;,&quot;size&quot;:&quot;&quot;,&quot;sizes&quot;:[]},&quot;_transform_translateY_effect&quot;:{&quot;unit&quot;:&quot;px&quot;,&quot;size&quot;:&quot;&quot;,&quot;sizes&quot;:[]},&quot;_transform_translateY_effect_tablet&quot;:{&quot;unit&quot;:&quot;px&quot;,&quot;size&quot;:&quot;&quot;,&quot;sizes&quot;:[]},&quot;_transform_translateY_effect_mobile&quot;:{&quot;unit&quot;:&quot;px&quot;,&quot;size&quot;:&quot;&quot;,&quot;sizes&quot;:[]}}\" data-widget_type=\"text-editor.default\">\n\t\t\t\t<div class=\"elementor-widget-container\">\n\t\t\t\t\t\t\t\t\t<p><span style=\"text-align: var(--text-align); color: var(--total-content-text-color); font-family: var(--total-body-family, 'Pontano Sans', sans-serif); font-size: var(--total-body-size, 17px); font-style: var(--total-body-style, normal); font-weight: var(--total-body-weight, 400); letter-spacing: var(--total-body-letter-spacing, 0); text-transform: var(--total-body-text-transform, none);\">DZIECIAKI W WIEKU 7-12 LAT<\/span><\/p><p><b>LICZBA MIEJSC OGRANICZONA DO 7 DZIECIAK\u00d3W!<\/b><\/p><p>KOSZT WYJAZDU 1680PLN\u00a0<\/p>\t\t\t\t\t\t\t\t<\/div>\n\t\t\t\t<\/div>\n\t\t\t\t\t<\/div>\n\t\t\t\t<\/div>\n\t\t<div class=\"elementor-element elementor-element-e9ac388 e-flex e-con-boxed e-con e-parent\" data-id=\"e9ac388\" data-element_type=\"container\" data-e-type=\"container\">\n\t\t\t\t\t<div class=\"e-con-inner\">\n\t\t\t\t<div class=\"elementor-element elementor-element-4bac1e5 elementor-widget elementor-widget-heading\" data-id=\"4bac1e5\" data-element_type=\"widget\" data-e-type=\"widget\" data-widget_type=\"heading.default\">\n\t\t\t\t<div class=\"elementor-widget-container\">\n\t\t\t\t\t<h2 class=\"elementor-heading-title elementor-size-default\">INFORMACJE O OBOZACH<\/h2>\t\t\t\t<\/div>\n\t\t\t\t<\/div>\n\t\t\t\t\t<\/div>\n\t\t\t\t<\/div>\n\t\t<div class=\"elementor-element elementor-element-737b482 e-flex e-con-boxed e-con e-parent\" data-id=\"737b482\" data-element_type=\"container\" data-e-type=\"container\">\n\t\t\t\t\t<div class=\"e-con-inner\">\n\t\t\t\t<div class=\"elementor-element elementor-element-3d0d16c elementor-widget elementor-widget-text-editor\" data-id=\"3d0d16c\" data-element_type=\"widget\" data-e-type=\"widget\" data-widget_type=\"text-editor.default\">\n\t\t\t\t<div class=\"elementor-widget-container\">\n\t\t\t\t\t\t\t\t\t<div class=\"elementor-element elementor-element-58aa8d6 e-flex e-con-boxed e-con e-parent\" data-id=\"58aa8d6\" data-element_type=\"container\" data-settings=\"{&quot;content_width&quot;:&quot;boxed&quot;}\" data-core-v316-plus=\"true\"><div class=\"e-con-inner\"><div class=\"elementor-element elementor-element-f9fb8aa e-transform elementor-widget elementor-widget-text-editor\" data-id=\"f9fb8aa\" data-element_type=\"widget\" data-settings=\"{&quot;_transform_translateY_effect&quot;:{&quot;unit&quot;:&quot;px&quot;,&quot;size&quot;:68,&quot;sizes&quot;:[]},&quot;_transform_translateX_effect&quot;:{&quot;unit&quot;:&quot;px&quot;,&quot;size&quot;:&quot;&quot;,&quot;sizes&quot;:[]},&quot;_transform_translateX_effect_tablet&quot;:{&quot;unit&quot;:&quot;px&quot;,&quot;size&quot;:&quot;&quot;,&quot;sizes&quot;:[]},&quot;_transform_translateX_effect_mobile&quot;:{&quot;unit&quot;:&quot;px&quot;,&quot;size&quot;:&quot;&quot;,&quot;sizes&quot;:[]},&quot;_transform_translateY_effect_tablet&quot;:{&quot;unit&quot;:&quot;px&quot;,&quot;size&quot;:&quot;&quot;,&quot;sizes&quot;:[]},&quot;_transform_translateY_effect_mobile&quot;:{&quot;unit&quot;:&quot;px&quot;,&quot;size&quot;:&quot;&quot;,&quot;sizes&quot;:[]}}\" data-widget_type=\"text-editor.default\"><div class=\"elementor-widget-container\"><p>WSZYSTKIE INFORMACJE ODNO\u015aCIE DANEGO WYJAZU ZOSTAN\u0104 WYS\u0141ANE NA PODANE PRZEZ PA\u0143STWA ADRESY MAILOWE.\u00a0<\/p><p>\u00a0<\/p><p>W WRAZIE PYTA\u0143 PROSIMY O KONTAKT:<\/p><p>KRZYSZTOF KOCI\u0118DA\u00a0<\/p><p>EMAIL: TRENERZU@GMAIL.COM<\/p><p>TEL: 509925398<\/p><p>\u00a0<\/p><p>ALAN KOCI\u0118DA\u00a0<\/p><p>EMAIL: ALAN.KOCIEDA@TAFII.PL<\/p><p>TEL: 530714168<\/p><p>\u00a0<\/p><\/div><\/div><\/div><\/div><div class=\"elementor-element elementor-element-496e7e6 e-flex e-con-boxed e-con e-parent\" data-id=\"496e7e6\" data-element_type=\"container\" data-settings=\"{&quot;content_width&quot;:&quot;boxed&quot;}\" data-core-v316-plus=\"true\"><div class=\"e-con-inner\"><div class=\"elementor-element elementor-element-4dcc791 elementor-widget elementor-widget-heading\" data-id=\"4dcc791\" data-element_type=\"widget\" data-widget_type=\"heading.default\"><div class=\"elementor-widget-container\"><h2 class=\"elementor-heading-title elementor-size-default\">\u00a0<\/h2><\/div><\/div><\/div><\/div>\t\t\t\t\t\t\t\t<\/div>\n\t\t\t\t<\/div>\n\t\t\t\t\t<\/div>\n\t\t\t\t<\/div>\n\t\t\t\t<\/div>\n\t\t","protected":false},"excerpt":{"rendered":"<p>TERMINY: TEMIN 4-9.02.2024 ZAPRASZAMY!!! DZIECIAKI W WIEKU 7-12 LAT LICZBA MIEJSC OGRANICZONA DO 7 DZIECIAK\u00d3W! KOSZT WYJAZDU 1680PLN\u00a0 INFORMACJE O OBOZACH WSZYSTKIE INFORMACJE ODNO\u015aCIE DANEGO WYJAZU ZOSTAN\u0104 WYS\u0141ANE NA PODANE PRZEZ PA\u0143STWA ADRESY MAILOWE.\u00a0 \u00a0 W WRAZIE PYTA\u0143 PROSIMY O KONTAKT: KRZYSZTOF KOCI\u0118DA\u00a0 EMAIL: TRENERZU@GMAIL.COM TEL: 509925398 \u00a0 ALAN KOCI\u0118DA\u00a0 EMAIL: ALAN.KOCIEDA@TAFII.PL TEL: 530714168 \u00a0 [&hellip;]<\/p>\n","protected":false},"author":3,"featured_media":0,"parent":0,"menu_order":0,"comment_status":"closed","ping_status":"closed","template":"","meta":{"footnotes":""},"class_list":["post-1979","page","type-page","status-publish","hentry"],"jetpack_sharing_enabled":true,"_links":{"self":[{"href":"https:\/\/tafii.pl\/index.php\/wp-json\/wp\/v2\/pages\/1979","targetHints":{"allow":["GET"]}}],"collection":[{"href":"https:\/\/tafii.pl\/index.php\/wp-json\/wp\/v2\/pages"}],"about":[{"href":"https:\/\/tafii.pl\/index.php\/wp-json\/wp\/v2\/types\/page"}],"author":[{"embeddable":true,"href":"https:\/\/tafii.pl\/index.php\/wp-json\/wp\/v2\/users\/3"}],"replies":[{"embeddable":true,"href":"https:\/\/tafii.pl\/index.php\/wp-json\/wp\/v2\/comments?post=1979"}],"version-history":[{"count":25,"href":"https:\/\/tafii.pl\/index.php\/wp-json\/wp\/v2\/pages\/1979\/revisions"}],"predecessor-version":[{"id":2104,"href":"https:\/\/tafii.pl\/index.php\/wp-json\/wp\/v2\/pages\/1979\/revisions\/2104"}],"wp:attachment":[{"href":"https:\/\/tafii.pl\/index.php\/wp-json\/wp\/v2\/media?parent=1979"}],"curies":[{"name":"wp","href":"https:\/\/api.w.org\/{rel}","templated":true}]}}