{"id":468,"date":"2021-07-25T06:28:19","date_gmt":"2021-07-25T06:28:19","guid":{"rendered":"https:\/\/demo.hashthemes.com\/total\/education\/lp-profile\/"},"modified":"2023-08-17T21:15:22","modified_gmt":"2023-08-17T21:15:22","slug":"lp-profile","status":"publish","type":"page","link":"https:\/\/tafii.pl\/index.php\/lp-profile\/","title":{"rendered":"TEAM"},"content":{"rendered":"\t\t<div data-elementor-type=\"wp-page\" data-elementor-id=\"468\" class=\"elementor elementor-468\">\n\t\t\t\t\t\t<section class=\"elementor-section elementor-top-section elementor-element elementor-element-5ceae3ee elementor-section-boxed elementor-section-height-default elementor-section-height-default\" data-id=\"5ceae3ee\" data-element_type=\"section\" data-e-type=\"section\">\n\t\t\t\t\t\t<div class=\"elementor-container elementor-column-gap-default\">\n\t\t\t\t\t<div class=\"elementor-column elementor-col-100 elementor-top-column elementor-element elementor-element-23a2f527\" data-id=\"23a2f527\" data-element_type=\"column\" data-e-type=\"column\">\n\t\t\t<div class=\"elementor-widget-wrap elementor-element-populated\">\n\t\t\t\t\t\t<div class=\"elementor-element elementor-element-230d27db elementor-widget elementor-widget-text-editor\" data-id=\"230d27db\" data-element_type=\"widget\" data-e-type=\"widget\" data-widget_type=\"text-editor.default\">\n\t\t\t\t<div class=\"elementor-widget-container\">\n\t\t\t\t\t\t\t\t\t<p><p>TEAM<span style=\"color: var(--total-content-text-color); font-family: var(--total-body-family, 'Pontano Sans', sans-serif); font-style: var(--total-body-style, normal); letter-spacing: var(--total-body-letter-spacing, 0); text-transform: var(--total-body-text-transform, none);\">\u00a0<\/span><\/p>\n<p><span style=\"color: var(--total-content-text-color); font-family: var(--total-body-family, 'Pontano Sans', sans-serif); font-style: var(--total-body-style, normal); letter-spacing: var(--total-body-letter-spacing, 0); text-transform: var(--total-body-text-transform, none);\">\u00a0<\/span><\/p>\n<p><span style=\"color: var(--total-content-text-color); font-family: var(--total-body-family, 'Pontano Sans', sans-serif); font-style: var(--total-body-style, normal); letter-spacing: var(--total-body-letter-spacing, 0); text-transform: var(--total-body-text-transform, none);\">KS TAFII\u00a0<\/span><\/p>\n<p><span style=\"color: var(--total-content-text-color); font-family: var(--total-body-family, 'Pontano Sans', sans-serif); font-style: var(--total-body-style, normal); letter-spacing: var(--total-body-letter-spacing, 0); text-transform: var(--total-body-text-transform, none);\">\u00a0<\/span><\/p>\n<\/p><\/div>\n<\/p><\/div>\n<\/p><\/div>\n<\/p><\/div>\n<\/p><\/div>\n<\/section>\n<div class=\"elementor-element elementor-element-57a428e e-flex e-con-boxed e-con e-parent\" data-id=\"57a428e\" data-element_type=\"container\" data-e-type=\"container\">\n<div class=\"e-con-inner\">\n<div class=\"elementor-element elementor-element-c0e1da3 e-con-full e-flex e-con e-child\" data-id=\"c0e1da3\" data-element_type=\"container\" data-e-type=\"container\">\n<div class=\"elementor-element elementor-element-982c7fd elementor-widget elementor-widget-image\" data-id=\"982c7fd\" data-element_type=\"widget\" data-e-type=\"widget\" data-widget_type=\"image.default\">\n<div class=\"elementor-widget-container\">\n\t\t\t\t\t\t\t\t\t\t\t\t\t\t\t<img fetchpriority=\"high\" decoding=\"async\" width=\"640\" height=\"360\" src=\"https:\/\/tafii.pl\/wp-content\/uploads\/2022\/12\/Krzysiek-2.jpg\" class=\"attachment-large size-large wp-image-856\" alt=\"\" srcset=\"https:\/\/tafii.pl\/wp-content\/uploads\/2022\/12\/Krzysiek-2.jpg 835w, https:\/\/tafii.pl\/wp-content\/uploads\/2022\/12\/Krzysiek-2-600x338.jpg 600w, https:\/\/tafii.pl\/wp-content\/uploads\/2022\/12\/Krzysiek-2-300x169.jpg 300w, https:\/\/tafii.pl\/wp-content\/uploads\/2022\/12\/Krzysiek-2-768x432.jpg 768w\" sizes=\"(max-width: 640px) 100vw, 640px\" \/>\t\t\t\t\t\t\t\t\t\t\t\t\t\t\t<\/div>\n<\/p><\/div>\n<div class=\"elementor-element elementor-element-6637dfb elementor-widget elementor-widget-heading\" data-id=\"6637dfb\" data-element_type=\"widget\" data-e-type=\"widget\" data-widget_type=\"heading.default\">\n<div class=\"elementor-widget-container\">\n<h2 class=\"elementor-heading-title elementor-size-xl\">KRZYSZTOF KOCI\u0118DA<\/h2>\n<\/p><\/div>\n<\/p><\/div>\n<div class=\"elementor-element elementor-element-c1f547f elementor-widget elementor-widget-heading\" data-id=\"c1f547f\" data-element_type=\"widget\" data-e-type=\"widget\" data-widget_type=\"heading.default\">\n<div class=\"elementor-widget-container\">\n<h2 class=\"elementor-heading-title elementor-size-default\">PREZES KS TAFII <\/h2>\n<\/p><\/div>\n<\/p><\/div>\n<\/p><\/div>\n<div class=\"elementor-element elementor-element-75268fc e-con-full e-flex e-con e-child\" data-id=\"75268fc\" data-element_type=\"container\" data-e-type=\"container\">\n<div class=\"elementor-element elementor-element-05c2555 elementor-widget elementor-widget-text-editor\" data-id=\"05c2555\" data-element_type=\"widget\" data-e-type=\"widget\" data-widget_type=\"text-editor.default\">\n<div class=\"elementor-widget-container\">\n<h6><span style=\"color: #666666; font-family: 'Open Sans', 'Helvetica Neue', Helvetica, Arial, sans-serif; font-size: 13px;\">\u017beglarstwem zajmuj\u0119 si\u0119 zawodowo od 2001 roku. Zawsze zwi\u0105zany z nauk\u0105 dzieci. Pierwszym klubem w mojej karierze trenerskiej by\u0142 Yacht Klub Polski Gdynia.W Gda\u0144skim Klubie \u017beglarskim realizowa\u0142em m\u00f3j autorski projekt &#8220;Przedszkola \u017beglarskiego&#8221;. Projekt ten zyska\u0142 aprobat\u0119 Mateusza Kusznierewicza &#8211; Ambasadora Miasta Gda\u0144ska ds. Morskich. Czynnie uczestnicz\u0119 w pracach dotycz\u0105cych rozwoju \u017ceglarstwa w Tr\u00f3jmie\u015bcie.<\/span><br style=\"color: #666666; font-family: 'Open Sans', 'Helvetica Neue', Helvetica, Arial, sans-serif; font-size: 13px;\"><span style=\"color: #666666; font-family: 'Open Sans', 'Helvetica Neue', Helvetica, Arial, sans-serif; font-size: 13px;\"><br \/><\/span><span style=\"color: #666666; font-family: 'Open Sans', 'Helvetica Neue', Helvetica, Arial, sans-serif; font-size: 13px;\">Obecnie jestem trenerem w klubach:<\/span><\/h6>\n<h5><span style=\"color: #666666; font-family: 'Open Sans', 'Helvetica Neue', Helvetica, Arial, sans-serif; font-size: 13px; font-style: var(--total-body-style, normal); font-weight: var(--total-body-weight, 400); letter-spacing: var(--total-body-letter-spacing, 0); text-transform: var(--total-body-text-transform, none);\">Marina B\u0142otnik<br \/><\/span><span style=\"color: #666666; font-family: 'Open Sans', 'Helvetica Neue', Helvetica, Arial, sans-serif; font-size: 13px;\">Marina Kolbudy<br \/><\/span><span style=\"color: #666666; font-family: 'Open Sans', 'Helvetica Neue', Helvetica, Arial, sans-serif; font-size: 13px;\">oraz<br \/><\/span><span style=\"color: #666666; font-family: 'Open Sans', 'Helvetica Neue', Helvetica, Arial, sans-serif; font-size: 13px;\">UK\u017b OPTI CWM Gdynia<\/span><\/h5>\n<\/p><\/div>\n<\/p><\/div>\n<\/p><\/div>\n<\/p><\/div>\n<\/p><\/div>\n<div class=\"elementor-element elementor-element-6f66537 e-flex e-con-boxed e-con e-parent\" data-id=\"6f66537\" data-element_type=\"container\" data-e-type=\"container\">\n<div class=\"e-con-inner\">\n<div class=\"elementor-element elementor-element-4fb6644 e-con-full e-flex e-con e-child\" data-id=\"4fb6644\" data-element_type=\"container\" data-e-type=\"container\">\n<div class=\"elementor-element elementor-element-e1d9aa1 elementor-widget elementor-widget-image\" data-id=\"e1d9aa1\" data-element_type=\"widget\" data-e-type=\"widget\" data-widget_type=\"image.default\">\n<div class=\"elementor-widget-container\">\n\t\t\t\t\t\t\t\t\t\t\t\t\t\t\t<img decoding=\"async\" width=\"640\" height=\"360\" src=\"https:\/\/tafii.pl\/wp-content\/uploads\/2022\/12\/Alan-1-1024x576.jpg\" class=\"attachment-large size-large wp-image-809\" alt=\"\" srcset=\"https:\/\/tafii.pl\/wp-content\/uploads\/2022\/12\/Alan-1-1024x576.jpg 1024w, https:\/\/tafii.pl\/wp-content\/uploads\/2022\/12\/Alan-1-600x337.jpg 600w, https:\/\/tafii.pl\/wp-content\/uploads\/2022\/12\/Alan-1-300x169.jpg 300w, https:\/\/tafii.pl\/wp-content\/uploads\/2022\/12\/Alan-1-768x432.jpg 768w, https:\/\/tafii.pl\/wp-content\/uploads\/2022\/12\/Alan-1-1536x864.jpg 1536w, https:\/\/tafii.pl\/wp-content\/uploads\/2022\/12\/Alan-1-1320x742.jpg 1320w, https:\/\/tafii.pl\/wp-content\/uploads\/2022\/12\/Alan-1.jpg 1819w\" sizes=\"(max-width: 640px) 100vw, 640px\" \/>\t\t\t\t\t\t\t\t\t\t\t\t\t\t\t<\/div>\n<\/p><\/div>\n<div class=\"elementor-element elementor-element-26019bd elementor-widget elementor-widget-heading\" data-id=\"26019bd\" data-element_type=\"widget\" data-e-type=\"widget\" data-widget_type=\"heading.default\">\n<div class=\"elementor-widget-container\">\n<h2 class=\"elementor-heading-title elementor-size-xl\">ALAN KOCI\u0118DA<\/h2>\n<\/p><\/div>\n<\/p><\/div>\n<div class=\"elementor-element elementor-element-9439103 elementor-widget elementor-widget-heading\" data-id=\"9439103\" data-element_type=\"widget\" data-e-type=\"widget\" data-widget_type=\"heading.default\">\n<div class=\"elementor-widget-container\">\n<h2 class=\"elementor-heading-title elementor-size-default\">TRENER GRUP REGATOWYCH<\/h2>\n<\/p><\/div>\n<\/p><\/div>\n<\/p><\/div>\n<div class=\"elementor-element elementor-element-cd6c01d e-con-full e-flex e-con e-child\" data-id=\"cd6c01d\" data-element_type=\"container\" data-e-type=\"container\">\n<div class=\"elementor-element elementor-element-a34bdba elementor-widget elementor-widget-text-editor\" data-id=\"a34bdba\" data-element_type=\"widget\" data-e-type=\"widget\" data-widget_type=\"text-editor.default\">\n<div class=\"elementor-widget-container\">\n<p><span style=\"color: #666666; font-family: 'Open Sans', 'Helvetica Neue', Helvetica, Arial, sans-serif; font-size: 13px;\">Trenuj\u0119 \u017ceglarstwo od 4 roku \u017cycia. Swoje pocz\u0105tki zaczyna\u0142em na optymi\u015bcie w klubie Opti Gdynia. Kolejno przeszed\u0142em na olimpijsk\u0105 klas\u0119 ILCA gdzie do\u015bwiadczenie zbiera\u0142em w Miejskim Klubie \u017beglarskim Arka Gdynia. Aktualnie p\u0142ywam w za\u0142odze na Sailing Poland VOLVO OCEAN 65. Od 2020 roku jestem zwi\u0105zany z nauk\u0105 najm\u0142odszych adept\u00f3w \u017ceglarstwa.<\/span><\/p>\n<p><br style=\"color: #666666; font-family: 'Open Sans', 'Helvetica Neue', Helvetica, Arial, sans-serif; font-size: 13px;\"><br style=\"color: #666666; font-family: 'Open Sans', 'Helvetica Neue', Helvetica, Arial, sans-serif; font-size: 13px;\"><span style=\"color: #666666; font-family: 'Open Sans', 'Helvetica Neue', Helvetica, Arial, sans-serif; font-size: 13px;\">Obecnie jestem trenerem w:<\/span><\/p>\n<p><br style=\"color: #666666; font-family: 'Open Sans', 'Helvetica Neue', Helvetica, Arial, sans-serif; font-size: 13px;\"><span style=\"color: #666666; font-family: 'Open Sans', 'Helvetica Neue', Helvetica, Arial, sans-serif; font-size: 13px;\">Gminie Kolbudy<\/span><\/p>\n<p><br style=\"color: #666666; font-family: 'Open Sans', 'Helvetica Neue', Helvetica, Arial, sans-serif; font-size: 13px;\"><span style=\"color: #666666; font-family: 'Open Sans', 'Helvetica Neue', Helvetica, Arial, sans-serif; font-size: 13px;\">Marina B\u0142otnik<\/span><\/p>\n<p><span style=\"color: #666666; font-family: 'Open Sans', 'Helvetica Neue', Helvetica, Arial, sans-serif; font-size: 13px;\">&nbsp;<\/span><\/p>\n<\/p><\/div>\n<\/p><\/div>\n<\/p><\/div>\n<\/p><\/div>\n<\/p><\/div>\n<div class=\"elementor-element elementor-element-e52cdda e-flex e-con-boxed e-con e-parent\" data-id=\"e52cdda\" data-element_type=\"container\" data-e-type=\"container\">\n<div class=\"e-con-inner\">\n<div class=\"elementor-element elementor-element-ee1a7e5 e-con-full e-flex e-con e-child\" data-id=\"ee1a7e5\" data-element_type=\"container\" data-e-type=\"container\">\n<div class=\"elementor-element elementor-element-64fba53 elementor-widget elementor-widget-image\" data-id=\"64fba53\" data-element_type=\"widget\" data-e-type=\"widget\" data-widget_type=\"image.default\">\n<div class=\"elementor-widget-container\">\n\t\t\t\t\t\t\t\t\t\t\t\t\t\t\t<img decoding=\"async\" width=\"640\" height=\"360\" src=\"https:\/\/tafii.pl\/wp-content\/uploads\/2022\/12\/vlcsnap-2022-12-28-23h15m09s427-1-1024x576.png\" class=\"attachment-large size-large wp-image-1088\" alt=\"\" srcset=\"https:\/\/tafii.pl\/wp-content\/uploads\/2022\/12\/vlcsnap-2022-12-28-23h15m09s427-1-1024x576.png 1024w, https:\/\/tafii.pl\/wp-content\/uploads\/2022\/12\/vlcsnap-2022-12-28-23h15m09s427-1-300x169.png 300w, https:\/\/tafii.pl\/wp-content\/uploads\/2022\/12\/vlcsnap-2022-12-28-23h15m09s427-1-768x432.png 768w, https:\/\/tafii.pl\/wp-content\/uploads\/2022\/12\/vlcsnap-2022-12-28-23h15m09s427-1-1536x864.png 1536w, https:\/\/tafii.pl\/wp-content\/uploads\/2022\/12\/vlcsnap-2022-12-28-23h15m09s427-1-1320x743.png 1320w, https:\/\/tafii.pl\/wp-content\/uploads\/2022\/12\/vlcsnap-2022-12-28-23h15m09s427-1-600x338.png 600w, https:\/\/tafii.pl\/wp-content\/uploads\/2022\/12\/vlcsnap-2022-12-28-23h15m09s427-1.png 1920w\" sizes=\"(max-width: 640px) 100vw, 640px\" \/>\t\t\t\t\t\t\t\t\t\t\t\t\t\t\t<\/div>\n<\/p><\/div>\n<div class=\"elementor-element elementor-element-c841097 elementor-widget elementor-widget-heading\" data-id=\"c841097\" data-element_type=\"widget\" data-e-type=\"widget\" data-widget_type=\"heading.default\">\n<div class=\"elementor-widget-container\">\n<h2 class=\"elementor-heading-title elementor-size-default\">\n<h2 data-elementor-setting-key=\"title\" data-pen-placeholder=\"Pisz tutaj...\" style=\"font-family: var(--total-h-family, Oswald);letter-spacing: normal;font-weight: var(--total-h-weight, 400);font-style: normal;text-transform: none\">PRZEMYS\u0141AW DYMARKOWSKI <\/h2>\n<\/h2><\/div>\n<\/p><\/div>\n<div class=\"elementor-element elementor-element-8deb4ce elementor-widget elementor-widget-heading\" data-id=\"8deb4ce\" data-element_type=\"widget\" data-e-type=\"widget\" data-widget_type=\"heading.default\">\n<div class=\"elementor-widget-container\">\n<h2 class=\"elementor-heading-title elementor-size-default\">\n<h2 class=\"elementor-heading-title elementor-size-default elementor-inline-editing pen\" data-elementor-setting-key=\"title\" data-pen-placeholder=\"Pisz tutaj...\" style=\"font-family: var(--total-h-family, Oswald);letter-spacing: normal;font-weight: var(--total-h-weight, 400);font-style: normal;text-transform: none;font-size: 25px\">TRENER<\/h2>\n<\/h2><\/div>\n<\/p><\/div>\n<\/p><\/div>\n<div class=\"elementor-element elementor-element-06a95e1 e-con-full e-flex e-con e-child\" data-id=\"06a95e1\" data-element_type=\"container\" data-e-type=\"container\">\n<div class=\"elementor-element elementor-element-c785968 elementor-widget elementor-widget-text-editor\" data-id=\"c785968\" data-element_type=\"widget\" data-e-type=\"widget\" data-widget_type=\"text-editor.default\">\n<div class=\"elementor-widget-container\">\n<p>Jestem pasjonatem sport\u00f3w wodnych z uprawnieniami<span class=\"Apple-converted-space\">\u00a0 <\/span>sternika motorowodnego oraz \u017ceglarza jachtowego. Uwielbiam \u017ceglug\u0119 jachtow\u0105 po Morzu \u015ar\u00f3dziemnym oraz na Atlantyku. Z wykszta\u0142cenia jestem informatykiem oraz pedagogiem. Wsp\u00f3\u0142pracuj\u0105c w mi\u0119dzynarodowym zespole, a tak\u017ce podczas zaj\u0119\u0107 ze studentami i m\u0142odzie\u017c\u0105 wykorzystuj\u0119 umiej\u0119tno\u015bci z zakresu coachingu. Zainteresowania moje zwi\u0105zane s\u0105 r\u00f3wnie\u017c z radiokomunikacj\u0105. Posiadam morsk\u0105 licencj\u0119 radiow\u0105 SRC oraz amatorska HAM. Z pasj\u0105 przekazuje wiedz\u0119 m\u0142odym pokoleniom.\u00a0<\/p>\n<\/p><\/div>\n<\/p><\/div>\n<\/p><\/div>\n<\/p><\/div>\n<\/p><\/div>\n\t\t<\/div>\n\t\t","protected":false},"excerpt":{"rendered":"","protected":false},"author":2,"featured_media":0,"parent":0,"menu_order":0,"comment_status":"closed","ping_status":"closed","template":"","meta":{"footnotes":""},"class_list":["post-468","page","type-page","status-publish","hentry"],"jetpack_sharing_enabled":true,"_links":{"self":[{"href":"https:\/\/tafii.pl\/index.php\/wp-json\/wp\/v2\/pages\/468","targetHints":{"allow":["GET"]}}],"collection":[{"href":"https:\/\/tafii.pl\/index.php\/wp-json\/wp\/v2\/pages"}],"about":[{"href":"https:\/\/tafii.pl\/index.php\/wp-json\/wp\/v2\/types\/page"}],"author":[{"embeddable":true,"href":"https:\/\/tafii.pl\/index.php\/wp-json\/wp\/v2\/users\/2"}],"replies":[{"embeddable":true,"href":"https:\/\/tafii.pl\/index.php\/wp-json\/wp\/v2\/comments?post=468"}],"version-history":[{"count":57,"href":"https:\/\/tafii.pl\/index.php\/wp-json\/wp\/v2\/pages\/468\/revisions"}],"predecessor-version":[{"id":1806,"href":"https:\/\/tafii.pl\/index.php\/wp-json\/wp\/v2\/pages\/468\/revisions\/1806"}],"wp:attachment":[{"href":"https:\/\/tafii.pl\/index.php\/wp-json\/wp\/v2\/media?parent=468"}],"curies":[{"name":"wp","href":"https:\/\/api.w.org\/{rel}","templated":true}]}}