{"id":470,"date":"2021-07-25T06:28:19","date_gmt":"2021-07-25T06:28:19","guid":{"rendered":"https:\/\/demo.hashthemes.com\/total\/education\/lp-term-conditions\/"},"modified":"2024-01-15T20:13:19","modified_gmt":"2024-01-15T20:13:19","slug":"lp-term-conditions","status":"publish","type":"page","link":"https:\/\/tafii.pl\/index.php\/lp-term-conditions\/","title":{"rendered":"I\u0141AWA 2023 TAFII BY TRENERZU"},"content":{"rendered":"\t\t<div data-elementor-type=\"wp-page\" data-elementor-id=\"470\" class=\"elementor elementor-470\">\n\t\t\t\t<div class=\"elementor-element elementor-element-84fa71d e-con-full e-flex e-con e-parent\" data-id=\"84fa71d\" data-element_type=\"container\" data-e-type=\"container\">\n\t\t\t\t<div class=\"elementor-element elementor-element-dcbaf81 elementor-widget elementor-widget-heading\" data-id=\"dcbaf81\" data-element_type=\"widget\" data-e-type=\"widget\" data-widget_type=\"heading.default\">\n\t\t\t\t<div class=\"elementor-widget-container\">\n\t\t\t\t\t<h1 class=\"elementor-heading-title elementor-size-xl\">I\u0141AWA RAZEM Z TAFII <br>BY TRENERZU<\/h1>\t\t\t\t<\/div>\n\t\t\t\t<\/div>\n\t\t\t\t<\/div>\n\t\t<div class=\"elementor-element elementor-element-5d173c6 e-flex e-con-boxed e-con e-parent\" data-id=\"5d173c6\" data-element_type=\"container\" data-e-type=\"container\">\n\t\t\t\t\t<div class=\"e-con-inner\">\n\t\t\t\t<div class=\"elementor-element elementor-element-29d05c7 elementor-widget elementor-widget-text-editor\" data-id=\"29d05c7\" data-element_type=\"widget\" data-e-type=\"widget\" data-widget_type=\"text-editor.default\">\n\t\t\t\t<div class=\"elementor-widget-container\">\n\t\t\t\t\t\t\t\t\t<p>I\u0142awa jest to miasto le\u017c\u0105ce w wojew\u00f3dztwie warmi\u0144sko-mazurskim. Jest przytulnym miastem dla ka\u017cdego wczasowicza. Razem z KS TAFII organizujemy w\u0142a\u015bnie tam letnie obozy \u017ceglarsko- rekreacyjne. Gdzie wasze pociechy poznaj\u0105 zasady bezpiecze\u0144stwa nad wod\u0105. Postawi\u0105 pierwsze kroki na \u0142\u00f3dce klasy optimist. Tak\u017ce, nie zabraknie czasu na fale zabaw, w naszej ofercie znajduj\u0105 si\u0119:&nbsp; Aquapark I\u0142awa, kr\u0119gle, escape room, plac zabaw zamkni\u0119ty, pok\u00f3j laser\u00f3w, rowerki wodne i kajaki.&nbsp;<\/p>\n<p>GWARANTUJEMY 100% ZABAW\u0118&nbsp;<\/p>\t\t\t\t\t\t\t\t<\/div>\n\t\t\t\t<\/div>\n\t\t\t\t\t<\/div>\n\t\t\t\t<\/div>\n\t\t<div class=\"elementor-element elementor-element-d046a14 e-flex e-con-boxed e-con e-parent\" data-id=\"d046a14\" data-element_type=\"container\" data-e-type=\"container\">\n\t\t\t\t\t<div class=\"e-con-inner\">\n\t\t\t\t<div class=\"elementor-element elementor-element-7635e5f elementor-widget elementor-widget-text-editor\" data-id=\"7635e5f\" data-element_type=\"widget\" data-e-type=\"widget\" data-widget_type=\"text-editor.default\">\n\t\t\t\t<div class=\"elementor-widget-container\">\n\t\t\t\t\t\t\t\t\t<p><strong>CZEKAMY NA CIEBIE!!!<\/strong><\/p>\t\t\t\t\t\t\t\t<\/div>\n\t\t\t\t<\/div>\n\t\t\t\t\t<\/div>\n\t\t\t\t<\/div>\n\t\t<div class=\"elementor-element elementor-element-9807622 e-flex e-con-boxed e-con e-parent\" data-id=\"9807622\" data-element_type=\"container\" data-e-type=\"container\">\n\t\t\t\t\t<div class=\"e-con-inner\">\n\t\t\t\t<div class=\"elementor-element elementor-element-31dcb0b elementor-align-center elementor-widget elementor-widget-button\" data-id=\"31dcb0b\" data-element_type=\"widget\" data-e-type=\"widget\" data-widget_type=\"button.default\">\n\t\t\t\t<div class=\"elementor-widget-container\">\n\t\t\t\t\t\t\t\t\t<div class=\"elementor-button-wrapper\">\n\t\t\t\t\t<a class=\"elementor-button elementor-button-link elementor-size-lg\" href=\"https:\/\/tafii.pl\/index.php\/wyjazdy-zimowe-ilawa\/\">\n\t\t\t\t\t\t<span class=\"elementor-button-content-wrapper\">\n\t\t\t\t\t\t\t\t\t<span class=\"elementor-button-text\">I\u0141AWA WEEKENDY SPORTOWE <\/span>\n\t\t\t\t\t<\/span>\n\t\t\t\t\t<\/a>\n\t\t\t\t<\/div>\n\t\t\t\t\t\t\t\t<\/div>\n\t\t\t\t<\/div>\n\t\t\t\t\t<\/div>\n\t\t\t\t<\/div>\n\t\t<div class=\"elementor-element elementor-element-567e751 e-flex e-con-boxed e-con e-parent\" data-id=\"567e751\" data-element_type=\"container\" data-e-type=\"container\">\n\t\t\t\t\t<div class=\"e-con-inner\">\n\t\t\t\t<div class=\"elementor-element elementor-element-168f033 elementor-align-center elementor-widget elementor-widget-button\" data-id=\"168f033\" data-element_type=\"widget\" data-e-type=\"widget\" data-widget_type=\"button.default\">\n\t\t\t\t<div class=\"elementor-widget-container\">\n\t\t\t\t\t\t\t\t\t<div class=\"elementor-button-wrapper\">\n\t\t\t\t\t<a class=\"elementor-button elementor-button-link elementor-size-lg\" href=\"https:\/\/tafii.pl\/index.php\/zapisy-na-oboz\/\">\n\t\t\t\t\t\t<span class=\"elementor-button-content-wrapper\">\n\t\t\t\t\t\t\t\t\t<span class=\"elementor-button-text\">I\u0141AWA WYJAZDY LATO<\/span>\n\t\t\t\t\t<\/span>\n\t\t\t\t\t<\/a>\n\t\t\t\t<\/div>\n\t\t\t\t\t\t\t\t<\/div>\n\t\t\t\t<\/div>\n\t\t\t\t\t<\/div>\n\t\t\t\t<\/div>\n\t\t<div class=\"elementor-element elementor-element-0db5dab e-flex e-con-boxed e-con e-parent\" data-id=\"0db5dab\" data-element_type=\"container\" data-e-type=\"container\">\n\t\t\t\t\t<div class=\"e-con-inner\">\n\t\t\t\t<div class=\"elementor-element elementor-element-8cba9b2 elementor-align-center e-transform elementor-widget elementor-widget-button\" data-id=\"8cba9b2\" data-element_type=\"widget\" data-e-type=\"widget\" data-settings=\"{&quot;_transform_scale_effect&quot;:{&quot;unit&quot;:&quot;px&quot;,&quot;size&quot;:&quot;&quot;,&quot;sizes&quot;:[]},&quot;_transform_scale_effect_tablet&quot;:{&quot;unit&quot;:&quot;px&quot;,&quot;size&quot;:&quot;&quot;,&quot;sizes&quot;:[]},&quot;_transform_scale_effect_mobile&quot;:{&quot;unit&quot;:&quot;px&quot;,&quot;size&quot;:&quot;&quot;,&quot;sizes&quot;:[]}}\" data-widget_type=\"button.default\">\n\t\t\t\t<div class=\"elementor-widget-container\">\n\t\t\t\t\t\t\t\t\t<div class=\"elementor-button-wrapper\">\n\t\t\t\t\t<a class=\"elementor-button elementor-button-link elementor-size-lg\" href=\"https:\/\/tafii.pl\/index.php\/ferie-zimowe\/\">\n\t\t\t\t\t\t<span class=\"elementor-button-content-wrapper\">\n\t\t\t\t\t\t\t\t\t<span class=\"elementor-button-text\">I\u0141AWA WYJAZDY FERIE <\/span>\n\t\t\t\t\t<\/span>\n\t\t\t\t\t<\/a>\n\t\t\t\t<\/div>\n\t\t\t\t\t\t\t\t<\/div>\n\t\t\t\t<\/div>\n\t\t\t\t\t<\/div>\n\t\t\t\t<\/div>\n\t\t\t\t<\/div>\n\t\t","protected":false},"excerpt":{"rendered":"<p>I\u0141AWA RAZEM Z TAFII BY TRENERZU I\u0142awa jest to miasto le\u017c\u0105ce w wojew\u00f3dztwie warmi\u0144sko-mazurskim. Jest przytulnym miastem dla ka\u017cdego wczasowicza. Razem z KS TAFII organizujemy w\u0142a\u015bnie tam letnie obozy \u017ceglarsko- rekreacyjne. Gdzie wasze pociechy poznaj\u0105 zasady bezpiecze\u0144stwa nad wod\u0105. Postawi\u0105 pierwsze kroki na \u0142\u00f3dce klasy optimist. Tak\u017ce, nie zabraknie czasu na fale zabaw, w naszej [&hellip;]<\/p>\n","protected":false},"author":2,"featured_media":0,"parent":0,"menu_order":0,"comment_status":"closed","ping_status":"closed","template":"","meta":{"footnotes":""},"class_list":["post-470","page","type-page","status-publish","hentry"],"jetpack_sharing_enabled":true,"_links":{"self":[{"href":"https:\/\/tafii.pl\/index.php\/wp-json\/wp\/v2\/pages\/470","targetHints":{"allow":["GET"]}}],"collection":[{"href":"https:\/\/tafii.pl\/index.php\/wp-json\/wp\/v2\/pages"}],"about":[{"href":"https:\/\/tafii.pl\/index.php\/wp-json\/wp\/v2\/types\/page"}],"author":[{"embeddable":true,"href":"https:\/\/tafii.pl\/index.php\/wp-json\/wp\/v2\/users\/2"}],"replies":[{"embeddable":true,"href":"https:\/\/tafii.pl\/index.php\/wp-json\/wp\/v2\/comments?post=470"}],"version-history":[{"count":63,"href":"https:\/\/tafii.pl\/index.php\/wp-json\/wp\/v2\/pages\/470\/revisions"}],"predecessor-version":[{"id":2157,"href":"https:\/\/tafii.pl\/index.php\/wp-json\/wp\/v2\/pages\/470\/revisions\/2157"}],"wp:attachment":[{"href":"https:\/\/tafii.pl\/index.php\/wp-json\/wp\/v2\/media?parent=470"}],"curies":[{"name":"wp","href":"https:\/\/api.w.org\/{rel}","templated":true}]}}